{"id":279,"date":"2021-02-22T18:58:01","date_gmt":"2021-02-22T18:58:01","guid":{"rendered":"https:\/\/vanengelandt.com\/duif\/"},"modified":"2022-02-25T09:37:27","modified_gmt":"2022-02-25T09:37:27","slug":"pigeon","status":"publish","type":"page","link":"https:\/\/vanengelandt.com\/fr\/nos-viandes\/volaille\/pigeon\/","title":{"rendered":"Pigeon"},"content":{"rendered":"<section class=\"l-section wpb_row fullsizeheader height_medium full_height valign_center\" id=\"aligntopmobile\"><div class=\"l-section-h i-cf\"><div class=\"g-cols vc_row via_flex valign_middle type_default stacking_default\"><div class=\"vc_col-sm-3 wpb_column vc_column_container imgleft has_bg_color stretched\"><div class=\"vc_column-inner us_custom_1470ab4a\"><div class=\"wpb_wrapper\"><\/div><\/div><\/div><div class=\"vc_col-sm-2 wpb_column vc_column_container\"><div class=\"vc_column-inner\"><div class=\"wpb_wrapper\"><\/div><\/div><\/div><div class=\"vc_col-sm-7 wpb_column vc_column_container\"><div class=\"vc_column-inner\"><div class=\"wpb_wrapper\"><div class=\"wpb_text_column us_custom_98e5bc1c producttitel has_text_color\"><div class=\"wpb_wrapper\"><h1>Pigeon<\/h1>\n<\/div><\/div><div class=\"wpb_text_column light\"><div class=\"wpb_wrapper\"><h3>Pigeon se trouve chez Van Engelandt. Le pigeon est une volaille que vous pouvez obtenir \u00e0 la fois par pi\u00e8ce ou en filet. Nos bouchers professionnels vous proposent une gamme de qualit\u00e9 sup\u00e9rieure. Commandez votre viande de pigeon <a href=\"https:\/\/vanengelandt.com\/fr\/contact\/\">ici<\/a>.<\/h3>\n<\/div><\/div><div class=\"w-separator size_small\"><\/div><div class=\"w-btn-wrapper align_none\"><a class=\"w-btn us-btn-style_1 medium icon_atright\" href=\"#cuts\"><span class=\"w-btn-label\">Nos coupes<\/span><i class=\"fas fa-square-full\"><\/i><\/a><\/div><div class=\"w-btn-wrapper align_none\"><a class=\"w-btn us-btn-style_1 medium icon_atright\" title=\"Contact\" href=\"http:\/\/vanengelandt.com\/fr\/contact\/\"><span class=\"w-btn-label\">Commandez maintenant<\/span><i class=\"fas fa-square-full\"><\/i><\/a><\/div><\/div><\/div><\/div><\/div><\/div><\/section><section class=\"l-section wpb_row rightgrey kenmerken height_auto\" id=\"cuts\"><div class=\"l-section-h i-cf\"><div class=\"g-cols vc_row via_flex valign_top type_default stacking_default\"><div class=\"vc_col-sm-2 wpb_column vc_column_container\"><div class=\"vc_column-inner\"><div class=\"vc_column-overlay\" style=\"background:#EDEDED\"><\/div><div class=\"wpb_wrapper\"><\/div><\/div><\/div><div class=\"vc_col-sm-10 wpb_column vc_column_container pad1\"><div class=\"vc_column-inner\"><div class=\"vc_column-overlay\" style=\"background:#EDEDED\"><\/div><div class=\"wpb_wrapper\"><div class=\"g-cols wpb_row nopad via_flex valign_top type_default stacking_default\" style=\"--additional-gap:25px;\"><div class=\"vc_col-sm-4 wpb_column vc_column_container\"><div class=\"vc_column-inner\"><div class=\"wpb_wrapper\"><div class=\"wpb_text_column us_custom_492179a4 medium predots\"><div class=\"wpb_wrapper\"><p>Filet pigeon Franc\u0327ais S\/comman<\/p>\n<\/div><\/div><div class=\"wpb_text_column light cut\"><div class=\"wpb_wrapper\"><p>N\u00b0 d\u2019article\u00a021090<\/p>\n<\/div><\/div><\/div><\/div><\/div><div class=\"vc_col-sm-4 wpb_column vc_column_container nopad\"><div class=\"vc_column-inner\"><div class=\"wpb_wrapper\"><div class=\"wpb_text_column us_custom_492179a4 medium predots\"><div class=\"wpb_wrapper\"><p>Pigeon Franc\u0327ais\/pc<\/p>\n<\/div><\/div><div class=\"wpb_text_column light cut\"><div class=\"wpb_wrapper\"><p>450-500 gr <strong>I<\/strong> N\u00b0 d\u2019article\u00a021091<\/p>\n<\/div><\/div><\/div><\/div><\/div><div class=\"vc_col-sm-4 wpb_column vc_column_container\"><div class=\"vc_column-inner\"><div class=\"wpb_wrapper\"><div class=\"wpb_text_column us_custom_492179a4 medium predots\"><div class=\"wpb_wrapper\"><p>Pigeon francais par\/pc<\/p>\n<\/div><\/div><div class=\"wpb_text_column light cut\"><div class=\"wpb_wrapper\"><p>550 gr <strong>I<\/strong> N\u00b0 d\u2019article\u00a021092<\/p>\n<\/div><\/div><\/div><\/div><\/div><div class=\"vc_col-sm-4 wpb_column vc_column_container\"><div class=\"vc_column-inner\"><div class=\"wpb_wrapper\"><div class=\"wpb_text_column us_custom_492179a4 medium predots\"><div class=\"wpb_wrapper\"><p>Pigeon francais par\/pc<\/p>\n<\/div><\/div><div class=\"wpb_text_column light cut\"><div class=\"wpb_wrapper\"><p>600 gr <strong>I<\/strong> N\u00b0 d\u2019article\u00a021093<\/p>\n<\/div><\/div><\/div><\/div><\/div><\/div><\/div><\/div><\/div><\/div><\/div><\/section><section class=\"l-section wpb_row height_auto\"><div class=\"l-section-h i-cf\"><div class=\"g-cols vc_row via_flex valign_top type_default stacking_default\"><div class=\"vc_col-sm-12 wpb_column vc_column_container\"><div class=\"vc_column-inner\"><div class=\"wpb_wrapper\"><section class=\"l-section wpb_row height_large\"><div class=\"l-section-h i-cf\"><div class=\"g-cols vc_row via_flex valign_top type_default stacking_default\"><div class=\"vc_col-sm-3 wpb_column vc_column_container\"><div class=\"vc_column-inner\"><div class=\"wpb_wrapper\"><div class=\"wpb_text_column medium predots\"><div class=\"wpb_wrapper\"><p>VASTE ASSORTIMENT<\/p>\n<\/div><\/div><div class=\"wpb_text_column light\"><div class=\"wpb_wrapper\"><p>Produits internationaux soigneusement s\u00e9lectionn\u00e9s<\/p>\n<\/div><\/div><\/div><\/div><\/div><div class=\"vc_col-sm-3 wpb_column vc_column_container\"><div class=\"vc_column-inner\"><div class=\"wpb_wrapper\"><div class=\"wpb_text_column medium predots\"><div class=\"wpb_wrapper\"><p>LONGUE EXP\u00c9RIENCE<\/p>\n<\/div><\/div><div class=\"wpb_text_column light\"><div class=\"wpb_wrapper\"><p>Des d\u00e9coupes parfaites par les meilleurs chefs dans une entreprise familiale riche d\u2019une grande exp\u00e9rience<\/p>\n<\/div><\/div><\/div><\/div><\/div><div class=\"vc_col-sm-3 wpb_column vc_column_container\"><div class=\"vc_column-inner\"><div class=\"wpb_wrapper\"><div class=\"wpb_text_column medium predots\"><div class=\"wpb_wrapper\"><p>QUALIT\u00c9 ARTISANALE<\/p>\n<\/div><\/div><div class=\"wpb_text_column light\"><div class=\"wpb_wrapper\"><p>Certificats, partenaires et machines de pointe<\/p>\n<\/div><\/div><\/div><\/div><\/div><\/div><\/div><\/section>\n<\/div><\/div><\/div><\/div><\/div><\/section><section class=\"l-section wpb_row height_auto\"><div class=\"l-section-h i-cf\"><div class=\"g-cols vc_row via_flex valign_top type_default stacking_default\"><div class=\"vc_col-sm-12 wpb_column vc_column_container\"><div class=\"vc_column-inner\"><div class=\"wpb_wrapper\"><section class=\"l-section wpb_row height_huge\"><div class=\"l-section-h i-cf\"><div class=\"g-cols vc_row via_flex valign_top type_default stacking_default\"><div class=\"vc_col-sm-2 wpb_column vc_column_container\"><div class=\"vc_column-inner\"><div class=\"wpb_wrapper\"><\/div><\/div><\/div><div class=\"vc_col-sm-10 wpb_column vc_column_container stretched\"><div class=\"vc_column-inner\"><div class=\"wpb_wrapper\"><div class=\"wpb_text_column\"><div class=\"wpb_wrapper\"><h4>De la viande fra\u00eeche pour<br \/>\nles supermarch\u00e9s et le secteur horeca<\/h4>\n<\/div><\/div><div class=\"g-cols wpb_row via_flex valign_top type_boxes stacking_default\"><div class=\"vc_col-sm-4 wpb_column vc_column_container has-link\"><div class=\"vc_column-inner\"><div class=\"wpb_wrapper\"><div class=\"wpb_text_column medium predots\"><div class=\"wpb_wrapper\"><p>SUPERMARCH\u00c9<\/p>\n<\/div><\/div><div class=\"wpb_text_column light\"><div class=\"wpb_wrapper\"><p>Offrez \u00e0 vos clients une large gamme de produits frais et de qualit\u00e9 qui leur donneront enti\u00e8re satisfaction.<\/p>\n<\/div><\/div><\/div><\/div><a title=\"Supermarkten\" href=\"http:\/\/vanengelandt.com\/fr\/supermarches\/\" class=\"vc_column-link smooth-scroll\"><\/a><\/div><div class=\"vc_col-sm-4 wpb_column vc_column_container has-link\"><div class=\"vc_column-inner\"><div class=\"wpb_wrapper\"><div class=\"wpb_text_column medium predots\"><div class=\"wpb_wrapper\"><p>PARTICULIERS<\/p>\n<\/div><\/div><div class=\"wpb_text_column light\"><div class=\"wpb_wrapper\"><p>Vous voulez proposer un d\u00e9licieux repas \u00e0 vos invit\u00e9s\u202f? Choisissez de la viande de la meilleure qualit\u00e9 et surprenez vos invit\u00e9s.<\/p>\n<\/div><\/div><\/div><\/div><a title=\"Groothandel\" href=\"http:\/\/vanengelandt.com\/fr\/particuliers\/\" class=\"vc_column-link smooth-scroll\"><\/a><\/div><div class=\"vc_col-sm-4 wpb_column vc_column_container has-link\"><div class=\"vc_column-inner\"><div class=\"wpb_wrapper\"><div class=\"wpb_text_column medium predots\"><div class=\"wpb_wrapper\"><p>BOUCHERIE<\/p>\n<\/div><\/div><div class=\"wpb_text_column light\"><div class=\"wpb_wrapper\"><p>Permettez \u00e0 vos clients de profiter au mieux de leurs cong\u00e9s ou de la saison des barbecues en d\u00e9gustant la viande Van Engelandt.<\/p>\n<\/div><\/div><\/div><\/div><a title=\"Slagers\" href=\"http:\/\/vanengelandt.com\/fr\/boucherie\/\" class=\"vc_column-link smooth-scroll\"><\/a><\/div><div class=\"vc_col-sm-4 wpb_column vc_column_container has-link\"><div class=\"vc_column-inner\"><div class=\"wpb_wrapper\"><div class=\"wpb_text_column medium predots\"><div class=\"wpb_wrapper\"><p>HORECA<\/p>\n<\/div><\/div><div class=\"wpb_text_column light\"><div class=\"wpb_wrapper\"><p>Pour une agr\u00e9able soir\u00e9e entre amis et en famille, proposez un beau morceau de viande qui fond en bouche.<\/p>\n<\/div><\/div><\/div><\/div><a title=\"Horeca\" href=\"http:\/\/vanengelandt.com\/fr\/horeca\/\" class=\"vc_column-link smooth-scroll\"><\/a><\/div><div class=\"vc_col-sm-4 wpb_column vc_column_container\"><div class=\"vc_column-inner\"><div class=\"wpb_wrapper\"><\/div><\/div><\/div><div class=\"vc_col-sm-4 wpb_column vc_column_container\"><div class=\"vc_column-inner\"><div class=\"wpb_wrapper\"><\/div><\/div><\/div><\/div><\/div><\/div><\/div><\/div><\/div><\/section>\n<\/div><\/div><\/div><\/div><\/div><\/section><section class=\"l-section wpb_row height_auto\"><div class=\"l-section-h i-cf\"><div class=\"g-cols vc_row via_flex valign_top type_default stacking_default\"><div class=\"vc_col-sm-1 wpb_column vc_column_container\"><div class=\"vc_column-inner\"><div class=\"vc_column-overlay\" style=\"background:#F0B747\"><\/div><div class=\"wpb_wrapper\"><\/div><\/div><\/div><div class=\"vc_col-sm-10 wpb_column vc_column_container pad1\"><div class=\"vc_column-inner\"><div class=\"vc_column-overlay\" style=\"background:#F0B747\"><\/div><div class=\"wpb_wrapper\"><div class=\"wpb_text_column us_custom_6df4bc3a has_text_color\"><div class=\"wpb_wrapper\"><h4>Lorsque le prix et la qualit\u00e9 sont importants, et que seul le meilleur est suffisant.<\/h4>\n<\/div><\/div><\/div><\/div><\/div><div class=\"vc_col-sm-1 wpb_column vc_column_container stretched\"><div class=\"vc_column-inner\"><div class=\"vc_column-overlay\" style=\"background:#F0B747\"><\/div><div class=\"wpb_wrapper\"><\/div><\/div><\/div><\/div><\/div><\/section>\n\n","protected":false},"excerpt":{"rendered":"Pigeon Pigeon se trouve chez Van Engelandt. Le pigeon est une volaille que vous pouvez obtenir \u00e0 la fois par pi\u00e8ce ou en filet. Nos bouchers professionnels vous proposent une gamme de qualit\u00e9 sup\u00e9rieure. Commandez votre viande de pigeon ici. Nos coupesCommandez maintenantFilet pigeon Franc\u0327ais S\/comman N\u00b0 d\u2019article\u00a021090 Pigeon Franc\u0327ais\/pc 450-500 gr I N\u00b0 d\u2019article\u00a021091...","protected":false},"author":1,"featured_media":682,"parent":1650,"menu_order":4,"comment_status":"closed","ping_status":"closed","template":"","meta":{"_acf_changed":false,"footnotes":""},"categories":[51,45],"tags":[],"class_list":["post-279","page","type-page","status-publish","has-post-thumbnail","hentry","category-gevogelte-fr","category-onze-vleessoorten-fr"],"acf":[],"yoast_head":"<!-- This site is optimized with the Yoast SEO plugin v25.3.1 - https:\/\/yoast.com\/wordpress\/plugins\/seo\/ -->\n<title>Pigeon fra\u00eeche | Van Engelandt Boulangerie \u00e0 Anderlecht Bruxelles<\/title>\n<meta name=\"description\" content=\"Van Engelandt \u00e0 Anderlecht Bruxelles offre la meilleur viande de pigeon. Visitez notre site d\u00e9couvrez nos produits viande!\" \/>\n<meta name=\"robots\" content=\"index, follow, max-snippet:-1, max-image-preview:large, max-video-preview:-1\" \/>\n<link rel=\"canonical\" href=\"https:\/\/vanengelandt.com\/fr\/nos-viandes\/volaille\/pigeon\/\" \/>\n<meta property=\"og:locale\" content=\"fr_FR\" \/>\n<meta property=\"og:type\" content=\"article\" \/>\n<meta property=\"og:title\" content=\"Pigeon fra\u00eeche | Van Engelandt Boulangerie \u00e0 Anderlecht Bruxelles\" \/>\n<meta property=\"og:description\" content=\"Van Engelandt \u00e0 Anderlecht Bruxelles offre la meilleur viande de pigeon. Visitez notre site d\u00e9couvrez nos produits viande!\" \/>\n<meta property=\"og:url\" content=\"https:\/\/vanengelandt.com\/fr\/nos-viandes\/volaille\/pigeon\/\" \/>\n<meta property=\"og:site_name\" content=\"Van Engelandt\" \/>\n<meta property=\"article:modified_time\" content=\"2022-02-25T09:37:27+00:00\" \/>\n<meta property=\"og:image\" content=\"https:\/\/vanengelandt.com\/wp-content\/uploads\/2021\/02\/Gevoglte-Productshot.jpg\" \/>\n\t<meta property=\"og:image:width\" content=\"1333\" \/>\n\t<meta property=\"og:image:height\" content=\"1333\" \/>\n\t<meta property=\"og:image:type\" content=\"image\/jpeg\" \/>\n<meta name=\"twitter:card\" content=\"summary_large_image\" \/>\n<meta name=\"twitter:label1\" content=\"Dur\u00e9e de lecture est.\" \/>\n\t<meta name=\"twitter:data1\" content=\"2 minutes\" \/>\n<script type=\"application\/ld+json\" class=\"yoast-schema-graph\">{\"@context\":\"https:\/\/schema.org\",\"@graph\":[{\"@type\":\"WebPage\",\"@id\":\"https:\/\/vanengelandt.com\/fr\/nos-viandes\/volaille\/pigeon\/\",\"url\":\"https:\/\/vanengelandt.com\/fr\/nos-viandes\/volaille\/pigeon\/\",\"name\":\"Pigeon fra\u00eeche | Van Engelandt Boulangerie \u00e0 Anderlecht Bruxelles\",\"isPartOf\":{\"@id\":\"https:\/\/vanengelandt.com\/fr\/#website\"},\"primaryImageOfPage\":{\"@id\":\"https:\/\/vanengelandt.com\/fr\/nos-viandes\/volaille\/pigeon\/#primaryimage\"},\"image\":{\"@id\":\"https:\/\/vanengelandt.com\/fr\/nos-viandes\/volaille\/pigeon\/#primaryimage\"},\"thumbnailUrl\":\"https:\/\/vanengelandt.com\/wp-content\/uploads\/2021\/02\/Gevoglte-Productshot.jpg\",\"datePublished\":\"2021-02-22T18:58:01+00:00\",\"dateModified\":\"2022-02-25T09:37:27+00:00\",\"description\":\"Van Engelandt \u00e0 Anderlecht Bruxelles offre la meilleur viande de pigeon. Visitez notre site d\u00e9couvrez nos produits viande!\",\"breadcrumb\":{\"@id\":\"https:\/\/vanengelandt.com\/fr\/nos-viandes\/volaille\/pigeon\/#breadcrumb\"},\"inLanguage\":\"fr-BE\",\"potentialAction\":[{\"@type\":\"ReadAction\",\"target\":[\"https:\/\/vanengelandt.com\/fr\/nos-viandes\/volaille\/pigeon\/\"]}]},{\"@type\":\"ImageObject\",\"inLanguage\":\"fr-BE\",\"@id\":\"https:\/\/vanengelandt.com\/fr\/nos-viandes\/volaille\/pigeon\/#primaryimage\",\"url\":\"https:\/\/vanengelandt.com\/wp-content\/uploads\/2021\/02\/Gevoglte-Productshot.jpg\",\"contentUrl\":\"https:\/\/vanengelandt.com\/wp-content\/uploads\/2021\/02\/Gevoglte-Productshot.jpg\",\"width\":1333,\"height\":1333,\"caption\":\"Raw marinated chicken meat, chicken legs\"},{\"@type\":\"BreadcrumbList\",\"@id\":\"https:\/\/vanengelandt.com\/fr\/nos-viandes\/volaille\/pigeon\/#breadcrumb\",\"itemListElement\":[{\"@type\":\"ListItem\",\"position\":1,\"name\":\"Home\",\"item\":\"https:\/\/vanengelandt.com\/fr\/\"},{\"@type\":\"ListItem\",\"position\":2,\"name\":\"Nos viandes\",\"item\":\"https:\/\/vanengelandt.com\/fr\/nos-viandes\/\"},{\"@type\":\"ListItem\",\"position\":3,\"name\":\"Volaille\",\"item\":\"https:\/\/vanengelandt.com\/fr\/nos-viandes\/volaille\/\"},{\"@type\":\"ListItem\",\"position\":4,\"name\":\"Pigeon\"}]},{\"@type\":\"WebSite\",\"@id\":\"https:\/\/vanengelandt.com\/fr\/#website\",\"url\":\"https:\/\/vanengelandt.com\/fr\/\",\"name\":\"Van Engelandt\",\"description\":\"\",\"potentialAction\":[{\"@type\":\"SearchAction\",\"target\":{\"@type\":\"EntryPoint\",\"urlTemplate\":\"https:\/\/vanengelandt.com\/fr\/?s={search_term_string}\"},\"query-input\":{\"@type\":\"PropertyValueSpecification\",\"valueRequired\":true,\"valueName\":\"search_term_string\"}}],\"inLanguage\":\"fr-BE\"}]}<\/script>\n<!-- \/ Yoast SEO plugin. -->","yoast_head_json":{"title":"Pigeon fra\u00eeche | Van Engelandt Boulangerie \u00e0 Anderlecht Bruxelles","description":"Van Engelandt \u00e0 Anderlecht Bruxelles offre la meilleur viande de pigeon. Visitez notre site d\u00e9couvrez nos produits viande!","robots":{"index":"index","follow":"follow","max-snippet":"max-snippet:-1","max-image-preview":"max-image-preview:large","max-video-preview":"max-video-preview:-1"},"canonical":"https:\/\/vanengelandt.com\/fr\/nos-viandes\/volaille\/pigeon\/","og_locale":"fr_FR","og_type":"article","og_title":"Pigeon fra\u00eeche | Van Engelandt Boulangerie \u00e0 Anderlecht Bruxelles","og_description":"Van Engelandt \u00e0 Anderlecht Bruxelles offre la meilleur viande de pigeon. Visitez notre site d\u00e9couvrez nos produits viande!","og_url":"https:\/\/vanengelandt.com\/fr\/nos-viandes\/volaille\/pigeon\/","og_site_name":"Van Engelandt","article_modified_time":"2022-02-25T09:37:27+00:00","og_image":[{"width":1333,"height":1333,"url":"https:\/\/vanengelandt.com\/wp-content\/uploads\/2021\/02\/Gevoglte-Productshot.jpg","type":"image\/jpeg"}],"twitter_card":"summary_large_image","twitter_misc":{"Dur\u00e9e de lecture est.":"2 minutes"},"schema":{"@context":"https:\/\/schema.org","@graph":[{"@type":"WebPage","@id":"https:\/\/vanengelandt.com\/fr\/nos-viandes\/volaille\/pigeon\/","url":"https:\/\/vanengelandt.com\/fr\/nos-viandes\/volaille\/pigeon\/","name":"Pigeon fra\u00eeche | Van Engelandt Boulangerie \u00e0 Anderlecht Bruxelles","isPartOf":{"@id":"https:\/\/vanengelandt.com\/fr\/#website"},"primaryImageOfPage":{"@id":"https:\/\/vanengelandt.com\/fr\/nos-viandes\/volaille\/pigeon\/#primaryimage"},"image":{"@id":"https:\/\/vanengelandt.com\/fr\/nos-viandes\/volaille\/pigeon\/#primaryimage"},"thumbnailUrl":"https:\/\/vanengelandt.com\/wp-content\/uploads\/2021\/02\/Gevoglte-Productshot.jpg","datePublished":"2021-02-22T18:58:01+00:00","dateModified":"2022-02-25T09:37:27+00:00","description":"Van Engelandt \u00e0 Anderlecht Bruxelles offre la meilleur viande de pigeon. Visitez notre site d\u00e9couvrez nos produits viande!","breadcrumb":{"@id":"https:\/\/vanengelandt.com\/fr\/nos-viandes\/volaille\/pigeon\/#breadcrumb"},"inLanguage":"fr-BE","potentialAction":[{"@type":"ReadAction","target":["https:\/\/vanengelandt.com\/fr\/nos-viandes\/volaille\/pigeon\/"]}]},{"@type":"ImageObject","inLanguage":"fr-BE","@id":"https:\/\/vanengelandt.com\/fr\/nos-viandes\/volaille\/pigeon\/#primaryimage","url":"https:\/\/vanengelandt.com\/wp-content\/uploads\/2021\/02\/Gevoglte-Productshot.jpg","contentUrl":"https:\/\/vanengelandt.com\/wp-content\/uploads\/2021\/02\/Gevoglte-Productshot.jpg","width":1333,"height":1333,"caption":"Raw marinated chicken meat, chicken legs"},{"@type":"BreadcrumbList","@id":"https:\/\/vanengelandt.com\/fr\/nos-viandes\/volaille\/pigeon\/#breadcrumb","itemListElement":[{"@type":"ListItem","position":1,"name":"Home","item":"https:\/\/vanengelandt.com\/fr\/"},{"@type":"ListItem","position":2,"name":"Nos viandes","item":"https:\/\/vanengelandt.com\/fr\/nos-viandes\/"},{"@type":"ListItem","position":3,"name":"Volaille","item":"https:\/\/vanengelandt.com\/fr\/nos-viandes\/volaille\/"},{"@type":"ListItem","position":4,"name":"Pigeon"}]},{"@type":"WebSite","@id":"https:\/\/vanengelandt.com\/fr\/#website","url":"https:\/\/vanengelandt.com\/fr\/","name":"Van Engelandt","description":"","potentialAction":[{"@type":"SearchAction","target":{"@type":"EntryPoint","urlTemplate":"https:\/\/vanengelandt.com\/fr\/?s={search_term_string}"},"query-input":{"@type":"PropertyValueSpecification","valueRequired":true,"valueName":"search_term_string"}}],"inLanguage":"fr-BE"}]}},"_links":{"self":[{"href":"https:\/\/vanengelandt.com\/fr\/wp-json\/wp\/v2\/pages\/279","targetHints":{"allow":["GET"]}}],"collection":[{"href":"https:\/\/vanengelandt.com\/fr\/wp-json\/wp\/v2\/pages"}],"about":[{"href":"https:\/\/vanengelandt.com\/fr\/wp-json\/wp\/v2\/types\/page"}],"author":[{"embeddable":true,"href":"https:\/\/vanengelandt.com\/fr\/wp-json\/wp\/v2\/users\/1"}],"replies":[{"embeddable":true,"href":"https:\/\/vanengelandt.com\/fr\/wp-json\/wp\/v2\/comments?post=279"}],"version-history":[{"count":13,"href":"https:\/\/vanengelandt.com\/fr\/wp-json\/wp\/v2\/pages\/279\/revisions"}],"predecessor-version":[{"id":2644,"href":"https:\/\/vanengelandt.com\/fr\/wp-json\/wp\/v2\/pages\/279\/revisions\/2644"}],"up":[{"embeddable":true,"href":"https:\/\/vanengelandt.com\/fr\/wp-json\/wp\/v2\/pages\/1650"}],"wp:featuredmedia":[{"embeddable":true,"href":"https:\/\/vanengelandt.com\/fr\/wp-json\/wp\/v2\/media\/682"}],"wp:attachment":[{"href":"https:\/\/vanengelandt.com\/fr\/wp-json\/wp\/v2\/media?parent=279"}],"wp:term":[{"taxonomy":"category","embeddable":true,"href":"https:\/\/vanengelandt.com\/fr\/wp-json\/wp\/v2\/categories?post=279"},{"taxonomy":"post_tag","embeddable":true,"href":"https:\/\/vanengelandt.com\/fr\/wp-json\/wp\/v2\/tags?post=279"}],"curies":[{"name":"wp","href":"https:\/\/api.w.org\/{rel}","templated":true}]}}