{"id":2427,"date":"2021-12-09T15:04:28","date_gmt":"2021-12-09T15:04:28","guid":{"rendered":"https:\/\/vanengelandt.com\/levering\/"},"modified":"2024-05-14T07:07:58","modified_gmt":"2024-05-14T07:07:58","slug":"livraison","status":"publish","type":"page","link":"https:\/\/vanengelandt.com\/fr\/livraison\/","title":{"rendered":"Livraison"},"content":{"rendered":"<section class=\"l-section wpb_row fullsizeheader height_medium full_height valign_center\" id=\"aligntopmobile\"><div class=\"l-section-h i-cf\"><div class=\"g-cols vc_row via_flex valign_middle type_default stacking_default\"><div class=\"vc_col-sm-3 wpb_column vc_column_container imgleft has_bg_color stretched\"><div class=\"vc_column-inner us_custom_b1b15762\"><div class=\"wpb_wrapper\"><\/div><\/div><\/div><div class=\"vc_col-sm-2 wpb_column vc_column_container\"><div class=\"vc_column-inner\"><div class=\"wpb_wrapper\"><\/div><\/div><\/div><div class=\"vc_col-sm-7 wpb_column vc_column_container\"><div class=\"vc_column-inner\"><div class=\"wpb_wrapper\"><div class=\"wpb_text_column us_custom_98e5bc1c producttitel has_text_color\"><div class=\"wpb_wrapper\"><h1>Livraison<\/h1>\n<\/div><\/div><div class=\"wpb_text_column light\"><div class=\"wpb_wrapper\"><p>Nos jours de <strong>livraison<\/strong> sont :<\/p>\n<ul>\n<li>Bruxelles : livraison quotidienne<\/li>\n<li>Flandre orientale : mardi et jeudi<\/li>\n<li>Flandre occidentale : mardi et vendredi<\/li>\n<li>Anvers : lundi, mercredi et vendredi<\/li>\n<li>Louvain : mardi et jeudi<\/li>\n<li>Lun : mercredi et vendredi<\/li>\n<li>Charleroi : mardi et jeudi<\/li>\n<li>Luxembourg : mardi et jeudi<\/li>\n<\/ul>\n<p>Commandez votre viande via le <a href=\"https:\/\/vanengelandt.com\/contact\/\">formulaire de contact<\/a>.<\/p>\n<\/div><\/div><div class=\"w-separator size_small\"><\/div><\/div><\/div><\/div><\/div><\/div><\/section>\n","protected":false},"excerpt":{"rendered":"Livraison Nos jours de livraison sont : Bruxelles : livraison quotidienne Flandre orientale : mardi et jeudi Flandre occidentale : mardi et vendredi Anvers : lundi, mercredi et vendredi Louvain : mardi et jeudi Lun : mercredi et vendredi Charleroi : mardi et jeudi Luxembourg : mardi et jeudi Commandez votre viande via le formulaire...","protected":false},"author":1,"featured_media":694,"parent":0,"menu_order":15,"comment_status":"closed","ping_status":"closed","template":"","meta":{"_acf_changed":false,"footnotes":""},"categories":[],"tags":[],"class_list":["post-2427","page","type-page","status-publish","has-post-thumbnail","hentry"],"acf":[],"yoast_head":"<!-- This site is optimized with the Yoast SEO plugin v25.3.1 - https:\/\/yoast.com\/wordpress\/plugins\/seo\/ -->\n<title>Livraison | Van Engelandt Boulangerie \u00e0 Anderlecht Bruxelles<\/title>\n<meta name=\"description\" content=\"Chez Van Engelandt, nous apportons votre livraison de viande \u00e0 votre porte. Les commandes seront trait\u00e9s par t\u00e9l\u00e9phone et par mail.\" \/>\n<meta name=\"robots\" content=\"index, follow, max-snippet:-1, max-image-preview:large, max-video-preview:-1\" \/>\n<link rel=\"canonical\" href=\"https:\/\/vanengelandt.com\/fr\/livraison\/\" \/>\n<meta property=\"og:locale\" content=\"fr_FR\" \/>\n<meta property=\"og:type\" content=\"article\" \/>\n<meta property=\"og:title\" content=\"Livraison | Van Engelandt Boulangerie \u00e0 Anderlecht Bruxelles\" \/>\n<meta property=\"og:description\" content=\"Chez Van Engelandt, nous apportons votre livraison de viande \u00e0 votre porte. Les commandes seront trait\u00e9s par t\u00e9l\u00e9phone et par mail.\" \/>\n<meta property=\"og:url\" content=\"https:\/\/vanengelandt.com\/fr\/livraison\/\" \/>\n<meta property=\"og:site_name\" content=\"Van Engelandt\" \/>\n<meta property=\"article:modified_time\" content=\"2024-05-14T07:07:58+00:00\" \/>\n<meta property=\"og:image\" content=\"https:\/\/vanengelandt.com\/wp-content\/uploads\/2021\/02\/Groothandel.jpg\" \/>\n\t<meta property=\"og:image:width\" content=\"1800\" \/>\n\t<meta property=\"og:image:height\" content=\"1800\" \/>\n\t<meta property=\"og:image:type\" content=\"image\/jpeg\" \/>\n<meta name=\"twitter:card\" content=\"summary_large_image\" \/>\n<meta name=\"twitter:label1\" content=\"Dur\u00e9e de lecture est.\" \/>\n\t<meta name=\"twitter:data1\" content=\"1 minute\" \/>\n<script type=\"application\/ld+json\" class=\"yoast-schema-graph\">{\"@context\":\"https:\/\/schema.org\",\"@graph\":[{\"@type\":\"WebPage\",\"@id\":\"https:\/\/vanengelandt.com\/fr\/livraison\/\",\"url\":\"https:\/\/vanengelandt.com\/fr\/livraison\/\",\"name\":\"Livraison | Van Engelandt Boulangerie \u00e0 Anderlecht Bruxelles\",\"isPartOf\":{\"@id\":\"https:\/\/vanengelandt.com\/fr\/#website\"},\"primaryImageOfPage\":{\"@id\":\"https:\/\/vanengelandt.com\/fr\/livraison\/#primaryimage\"},\"image\":{\"@id\":\"https:\/\/vanengelandt.com\/fr\/livraison\/#primaryimage\"},\"thumbnailUrl\":\"https:\/\/vanengelandt.com\/wp-content\/uploads\/2021\/02\/Groothandel.jpg\",\"datePublished\":\"2021-12-09T15:04:28+00:00\",\"dateModified\":\"2024-05-14T07:07:58+00:00\",\"description\":\"Chez Van Engelandt, nous apportons votre livraison de viande \u00e0 votre porte. Les commandes seront trait\u00e9s par t\u00e9l\u00e9phone et par mail.\",\"breadcrumb\":{\"@id\":\"https:\/\/vanengelandt.com\/fr\/livraison\/#breadcrumb\"},\"inLanguage\":\"fr-BE\",\"potentialAction\":[{\"@type\":\"ReadAction\",\"target\":[\"https:\/\/vanengelandt.com\/fr\/livraison\/\"]}]},{\"@type\":\"ImageObject\",\"inLanguage\":\"fr-BE\",\"@id\":\"https:\/\/vanengelandt.com\/fr\/livraison\/#primaryimage\",\"url\":\"https:\/\/vanengelandt.com\/wp-content\/uploads\/2021\/02\/Groothandel.jpg\",\"contentUrl\":\"https:\/\/vanengelandt.com\/wp-content\/uploads\/2021\/02\/Groothandel.jpg\",\"width\":1800,\"height\":1800,\"caption\":\"Van Engelandt Vleesgroothandel\"},{\"@type\":\"BreadcrumbList\",\"@id\":\"https:\/\/vanengelandt.com\/fr\/livraison\/#breadcrumb\",\"itemListElement\":[{\"@type\":\"ListItem\",\"position\":1,\"name\":\"Home\",\"item\":\"https:\/\/vanengelandt.com\/fr\/\"},{\"@type\":\"ListItem\",\"position\":2,\"name\":\"Livraison\"}]},{\"@type\":\"WebSite\",\"@id\":\"https:\/\/vanengelandt.com\/fr\/#website\",\"url\":\"https:\/\/vanengelandt.com\/fr\/\",\"name\":\"Van Engelandt\",\"description\":\"\",\"potentialAction\":[{\"@type\":\"SearchAction\",\"target\":{\"@type\":\"EntryPoint\",\"urlTemplate\":\"https:\/\/vanengelandt.com\/fr\/?s={search_term_string}\"},\"query-input\":{\"@type\":\"PropertyValueSpecification\",\"valueRequired\":true,\"valueName\":\"search_term_string\"}}],\"inLanguage\":\"fr-BE\"}]}<\/script>\n<!-- \/ Yoast SEO plugin. -->","yoast_head_json":{"title":"Livraison | Van Engelandt Boulangerie \u00e0 Anderlecht Bruxelles","description":"Chez Van Engelandt, nous apportons votre livraison de viande \u00e0 votre porte. Les commandes seront trait\u00e9s par t\u00e9l\u00e9phone et par mail.","robots":{"index":"index","follow":"follow","max-snippet":"max-snippet:-1","max-image-preview":"max-image-preview:large","max-video-preview":"max-video-preview:-1"},"canonical":"https:\/\/vanengelandt.com\/fr\/livraison\/","og_locale":"fr_FR","og_type":"article","og_title":"Livraison | Van Engelandt Boulangerie \u00e0 Anderlecht Bruxelles","og_description":"Chez Van Engelandt, nous apportons votre livraison de viande \u00e0 votre porte. Les commandes seront trait\u00e9s par t\u00e9l\u00e9phone et par mail.","og_url":"https:\/\/vanengelandt.com\/fr\/livraison\/","og_site_name":"Van Engelandt","article_modified_time":"2024-05-14T07:07:58+00:00","og_image":[{"width":1800,"height":1800,"url":"https:\/\/vanengelandt.com\/wp-content\/uploads\/2021\/02\/Groothandel.jpg","type":"image\/jpeg"}],"twitter_card":"summary_large_image","twitter_misc":{"Dur\u00e9e de lecture est.":"1 minute"},"schema":{"@context":"https:\/\/schema.org","@graph":[{"@type":"WebPage","@id":"https:\/\/vanengelandt.com\/fr\/livraison\/","url":"https:\/\/vanengelandt.com\/fr\/livraison\/","name":"Livraison | Van Engelandt Boulangerie \u00e0 Anderlecht Bruxelles","isPartOf":{"@id":"https:\/\/vanengelandt.com\/fr\/#website"},"primaryImageOfPage":{"@id":"https:\/\/vanengelandt.com\/fr\/livraison\/#primaryimage"},"image":{"@id":"https:\/\/vanengelandt.com\/fr\/livraison\/#primaryimage"},"thumbnailUrl":"https:\/\/vanengelandt.com\/wp-content\/uploads\/2021\/02\/Groothandel.jpg","datePublished":"2021-12-09T15:04:28+00:00","dateModified":"2024-05-14T07:07:58+00:00","description":"Chez Van Engelandt, nous apportons votre livraison de viande \u00e0 votre porte. Les commandes seront trait\u00e9s par t\u00e9l\u00e9phone et par mail.","breadcrumb":{"@id":"https:\/\/vanengelandt.com\/fr\/livraison\/#breadcrumb"},"inLanguage":"fr-BE","potentialAction":[{"@type":"ReadAction","target":["https:\/\/vanengelandt.com\/fr\/livraison\/"]}]},{"@type":"ImageObject","inLanguage":"fr-BE","@id":"https:\/\/vanengelandt.com\/fr\/livraison\/#primaryimage","url":"https:\/\/vanengelandt.com\/wp-content\/uploads\/2021\/02\/Groothandel.jpg","contentUrl":"https:\/\/vanengelandt.com\/wp-content\/uploads\/2021\/02\/Groothandel.jpg","width":1800,"height":1800,"caption":"Van Engelandt Vleesgroothandel"},{"@type":"BreadcrumbList","@id":"https:\/\/vanengelandt.com\/fr\/livraison\/#breadcrumb","itemListElement":[{"@type":"ListItem","position":1,"name":"Home","item":"https:\/\/vanengelandt.com\/fr\/"},{"@type":"ListItem","position":2,"name":"Livraison"}]},{"@type":"WebSite","@id":"https:\/\/vanengelandt.com\/fr\/#website","url":"https:\/\/vanengelandt.com\/fr\/","name":"Van Engelandt","description":"","potentialAction":[{"@type":"SearchAction","target":{"@type":"EntryPoint","urlTemplate":"https:\/\/vanengelandt.com\/fr\/?s={search_term_string}"},"query-input":{"@type":"PropertyValueSpecification","valueRequired":true,"valueName":"search_term_string"}}],"inLanguage":"fr-BE"}]}},"_links":{"self":[{"href":"https:\/\/vanengelandt.com\/fr\/wp-json\/wp\/v2\/pages\/2427","targetHints":{"allow":["GET"]}}],"collection":[{"href":"https:\/\/vanengelandt.com\/fr\/wp-json\/wp\/v2\/pages"}],"about":[{"href":"https:\/\/vanengelandt.com\/fr\/wp-json\/wp\/v2\/types\/page"}],"author":[{"embeddable":true,"href":"https:\/\/vanengelandt.com\/fr\/wp-json\/wp\/v2\/users\/1"}],"replies":[{"embeddable":true,"href":"https:\/\/vanengelandt.com\/fr\/wp-json\/wp\/v2\/comments?post=2427"}],"version-history":[{"count":8,"href":"https:\/\/vanengelandt.com\/fr\/wp-json\/wp\/v2\/pages\/2427\/revisions"}],"predecessor-version":[{"id":2977,"href":"https:\/\/vanengelandt.com\/fr\/wp-json\/wp\/v2\/pages\/2427\/revisions\/2977"}],"wp:featuredmedia":[{"embeddable":true,"href":"https:\/\/vanengelandt.com\/fr\/wp-json\/wp\/v2\/media\/694"}],"wp:attachment":[{"href":"https:\/\/vanengelandt.com\/fr\/wp-json\/wp\/v2\/media?parent=2427"}],"wp:term":[{"taxonomy":"category","embeddable":true,"href":"https:\/\/vanengelandt.com\/fr\/wp-json\/wp\/v2\/categories?post=2427"},{"taxonomy":"post_tag","embeddable":true,"href":"https:\/\/vanengelandt.com\/fr\/wp-json\/wp\/v2\/tags?post=2427"}],"curies":[{"name":"wp","href":"https:\/\/api.w.org\/{rel}","templated":true}]}}