{"id":2395,"date":"2021-11-17T10:40:44","date_gmt":"2021-11-17T10:40:44","guid":{"rendered":"https:\/\/vanengelandt.com\/jobs\/"},"modified":"2024-11-28T15:02:36","modified_gmt":"2024-11-28T15:02:36","slug":"jobs","status":"publish","type":"page","link":"https:\/\/vanengelandt.com\/fr\/jobs\/","title":{"rendered":"Jobs"},"content":{"rendered":"<section class=\"l-section wpb_row fullsizeheader height_medium full_height valign_center\" id=\"aligntopmobile\"><div class=\"l-section-h i-cf\"><div class=\"g-cols vc_row via_flex valign_middle type_default stacking_default\"><div class=\"vc_col-sm-1 wpb_column vc_column_container imgleft has_bg_color stretched\"><div class=\"vc_column-inner us_custom_cb87f09c\"><div class=\"wpb_wrapper\"><\/div><\/div><\/div><div class=\"vc_col-sm-2 wpb_column vc_column_container\"><div class=\"vc_column-inner\"><div class=\"wpb_wrapper\"><\/div><\/div><\/div><div class=\"vc_col-sm-7 wpb_column vc_column_container\"><div class=\"vc_column-inner\"><div class=\"wpb_wrapper\"><div class=\"wpb_text_column us_custom_98e5bc1c producttitel has_text_color\"><div class=\"wpb_wrapper\"><h1>Jobs<\/h1>\n<\/div><\/div><div class=\"wpb_text_column us_custom_f029a2ba medium\"><div class=\"wpb_wrapper\"><h2>UN MONDE DE VIANDE DE QUALIT\u00c9<\/h2>\n<\/div><\/div><div class=\"wpb_text_column light\"><div class=\"wpb_wrapper\"><h3><strong>Jobs<\/strong> \u00e0 l&rsquo;offre, Van Engelandt s\u2019int\u00e9resse aux nouveaux talents ! Vous \u00eates motiv\u00e9s, dou\u00e9s et avez un bon esprit d\u2019\u00e9quipe ? Consultez nos offres et d\u00e9couvrez comment Van Engelandt peut booster votre carri\u00e8re.<\/h3>\n<\/div><\/div><div class=\"w-btn-wrapper align_none\"><a class=\"w-btn us-btn-style_1\" href=\"#vacature\"><span class=\"w-btn-label\">Vacature Chef Boucher<\/span><\/a><\/div><div class=\"w-separator size_small\"><\/div><div class=\"wpb_text_column light\"><div class=\"wpb_wrapper\"><h3>Si nous avons des postes ouverts, vous les trouverez ici. Vous pouvez \u00e9galement postuler spontan\u00e9ment.<\/h3>\n<\/div><\/div><div class=\"w-separator size_small\"><\/div><\/div><\/div><\/div><\/div><\/div><\/section><section class=\"l-section wpb_row us_custom_1f5f827b height_medium\" id=\"vacature\"><div class=\"l-section-h i-cf\"><div class=\"g-cols vc_row via_flex valign_top type_default stacking_default\"><div class=\"vc_col-sm-3 wpb_column vc_column_container\"><div class=\"vc_column-inner\"><div class=\"wpb_wrapper\"><\/div><\/div><\/div><div class=\"vc_col-sm-6 wpb_column vc_column_container\"><div class=\"vc_column-inner\"><div class=\"wpb_wrapper\"><div class=\"wpb_text_column\"><div class=\"wpb_wrapper\"><h1>Chef Boucher<\/h1>\n<p><strong>Lieu : Van Engelandt S.A, R<\/strong><strong>opsy Chaudron 83, 1070 Anderlecht<\/strong><br \/>\n<strong>Type de contrat : cdd en vue\u00a0 d\u2019un cdi\/tempsplein<\/strong><br \/>\n<strong>D\u00e9but du contrat : \u00e0 convenir<\/strong><\/p>\n<h2><\/h2>\n<h2 class=\"p1\"><strong>Votre mission :<\/strong><\/h2>\n<p class=\"p1\">En tant que chef boucher, vous serez responsable de :<\/p>\n<ul>\n<li class=\"p1\">La gestion de l&rsquo;\u00e9quipe : encadrer, former et motiver les membres de l\u2019\u00e9quipe\u00a0boucherie.<\/li>\n<li class=\"p1\">L&rsquo;organisation des activit\u00e9s : planifier et superviser les t\u00e2ches quotidiennes<\/li>\n<li class=\"p1\">La qualit\u00e9 des produits : veiller au respect des normes d\u2019hygi\u00e8ne, de tra\u00e7abilit\u00e9 et de fra\u00eecheur des viandes (haccp).<\/li>\n<li class=\"p1\">La d\u00e9l\u00e9gation des t\u00e2ches : r\u00e9partir les responsabilit\u00e9s au sein de l\u2019\u00e9quipe et s\u2019assurer de leur ex\u00e9cution.<\/li>\n<li class=\"p1\">La communication : collaborer efficacement avec l\u2019\u00e9quipe Van Engelandt<\/li>\n<\/ul>\n<p class=\"p1\"><strong>Votre profil<\/strong><\/p>\n<p class=\"p1\">Pour r\u00e9ussir dans ce r\u00f4le, vous devez :<\/p>\n<ul>\n<li class=\"p1\">Ma\u00eetriser les techniques de boucherie et avoir une exp\u00e9rience significative dans le secteur.<\/li>\n<li class=\"p1\">Avoir des comp\u00e9tences en management d\u2019\u00e9quipe et savoir d\u00e9l\u00e9guer\u00a0efficacement.<\/li>\n<li class=\"p1\">\u00catre \u00e0 l\u2019aise avec l\u2019utilisation d\u2019outils informatiques<\/li>\n<li class=\"p1\">\u00catre pr\u00eat(e) \u00e0 travailler avec des horaires tr\u00e8s matinaux. (3.00-4.00)<\/li>\n<li>Vous avez une excellence maitrise du fran\u00e7ais, le n\u00e9erlandais est un plus.<\/li>\n<li>\u00catre rigoureux(se), organis\u00e9(e) et orient\u00e9(e) vers la qualit\u00e9 et le service.<\/li>\n<\/ul>\n<h2 class=\"p1\">Pourquoi rejoindre VAN ENGELANDT S.A. ?<\/h2>\n<ul>\n<li class=\"p1\">Une ambiance de travail conviviale et professionnelle.<\/li>\n<li class=\"p1\">Une opportunit\u00e9 de contribuer activement au d\u00e9veloppement de l\u2019entreprise.<\/li>\n<li class=\"p1\">Des perspectives d&rsquo;\u00e9volution et un salaire attractif, \u00e0 n\u00e9gocier en fonction de\u00a0l\u2019exp\u00e9rience.<\/li>\n<\/ul>\n<h2 class=\"p1\">Int\u00e9ress\u00e9(e) ?<\/h2>\n<p class=\"p1\">Envoyez votre CV et une lettre de motivation \u00e0 <a href=\"mailto:info@vanengelandt.com\">info@vanengelandt.com<\/a><\/p>\n<p class=\"p1\">Nous avons h\u00e2te de d\u00e9couvrir votre candidature et de vous accueillir dans notre\u00a0\u00e9quipe !<\/p>\n<\/div><\/div><\/div><\/div><\/div><div class=\"vc_col-sm-3 wpb_column vc_column_container\"><div class=\"vc_column-inner\"><div class=\"wpb_wrapper\"><\/div><\/div><\/div><\/div><\/div><\/section><section class=\"l-section wpb_row height_auto\"><div class=\"l-section-h i-cf\"><div class=\"g-cols vc_row via_flex valign_top type_default stacking_default\"><div class=\"vc_col-sm-12 wpb_column vc_column_container\"><div class=\"vc_column-inner\"><div class=\"wpb_wrapper\"><section class=\"l-section wpb_row height_large\"><div class=\"l-section-h i-cf\"><div class=\"g-cols vc_row via_flex valign_top type_default stacking_default\"><div class=\"vc_col-sm-3 wpb_column vc_column_container\"><div class=\"vc_column-inner\"><div class=\"wpb_wrapper\"><div class=\"wpb_text_column medium predots\"><div class=\"wpb_wrapper\"><p>VASTE ASSORTIMENT<\/p>\n<\/div><\/div><div class=\"wpb_text_column light\"><div class=\"wpb_wrapper\"><p>Produits internationaux soigneusement s\u00e9lectionn\u00e9s<\/p>\n<\/div><\/div><\/div><\/div><\/div><div class=\"vc_col-sm-3 wpb_column vc_column_container\"><div class=\"vc_column-inner\"><div class=\"wpb_wrapper\"><div class=\"wpb_text_column medium predots\"><div class=\"wpb_wrapper\"><p>LONGUE EXP\u00c9RIENCE<\/p>\n<\/div><\/div><div class=\"wpb_text_column light\"><div class=\"wpb_wrapper\"><p>Des d\u00e9coupes parfaites par les meilleurs chefs dans une entreprise familiale riche d\u2019une grande exp\u00e9rience<\/p>\n<\/div><\/div><\/div><\/div><\/div><div class=\"vc_col-sm-3 wpb_column vc_column_container\"><div class=\"vc_column-inner\"><div class=\"wpb_wrapper\"><div class=\"wpb_text_column medium predots\"><div class=\"wpb_wrapper\"><p>QUALIT\u00c9 ARTISANALE<\/p>\n<\/div><\/div><div class=\"wpb_text_column light\"><div class=\"wpb_wrapper\"><p>Certificats, partenaires et machines de pointe<\/p>\n<\/div><\/div><\/div><\/div><\/div><\/div><\/div><\/section>\n<\/div><\/div><\/div><\/div><\/div><\/section>\n","protected":false},"excerpt":{"rendered":"Jobs UN MONDE DE VIANDE DE QUALIT\u00c9 Jobs \u00e0 l&rsquo;offre, Van Engelandt s\u2019int\u00e9resse aux nouveaux talents ! Vous \u00eates motiv\u00e9s, dou\u00e9s et avez un bon esprit d\u2019\u00e9quipe ? Consultez nos offres et d\u00e9couvrez comment Van Engelandt peut booster votre carri\u00e8re. Vacature Chef BoucherSi nous avons des postes ouverts, vous les trouverez ici. Vous pouvez \u00e9galement...","protected":false},"author":1,"featured_media":0,"parent":0,"menu_order":0,"comment_status":"closed","ping_status":"closed","template":"","meta":{"_acf_changed":false,"footnotes":""},"categories":[],"tags":[],"class_list":["post-2395","page","type-page","status-publish","hentry"],"acf":[],"yoast_head":"<!-- This site is optimized with the Yoast SEO plugin v25.3.1 - https:\/\/yoast.com\/wordpress\/plugins\/seo\/ -->\n<title>Jobs travailler chez Van Engelandt | Van Engelandt boucherie \u00e0 Anderlecht<\/title>\n<meta name=\"description\" content=\"Van Engelandt s\u2019int\u00e9resse aux nouveaux talents! Consultez nos offres et venez solliciter pour les jobs chez Van Engelandt boucherie.\" \/>\n<meta name=\"robots\" content=\"index, follow, max-snippet:-1, max-image-preview:large, max-video-preview:-1\" \/>\n<link rel=\"canonical\" href=\"https:\/\/vanengelandt.com\/fr\/jobs\/\" \/>\n<meta property=\"og:locale\" content=\"fr_FR\" \/>\n<meta property=\"og:type\" content=\"article\" \/>\n<meta property=\"og:title\" content=\"Jobs travailler chez Van Engelandt | Van Engelandt boucherie \u00e0 Anderlecht\" \/>\n<meta property=\"og:description\" content=\"Van Engelandt s\u2019int\u00e9resse aux nouveaux talents! Consultez nos offres et venez solliciter pour les jobs chez Van Engelandt boucherie.\" \/>\n<meta property=\"og:url\" content=\"https:\/\/vanengelandt.com\/fr\/jobs\/\" \/>\n<meta property=\"og:site_name\" content=\"Van Engelandt\" \/>\n<meta property=\"article:modified_time\" content=\"2024-11-28T15:02:36+00:00\" \/>\n<meta name=\"twitter:card\" content=\"summary_large_image\" \/>\n<meta name=\"twitter:label1\" content=\"Dur\u00e9e de lecture est.\" \/>\n\t<meta name=\"twitter:data1\" content=\"2 minutes\" \/>\n<script type=\"application\/ld+json\" class=\"yoast-schema-graph\">{\"@context\":\"https:\/\/schema.org\",\"@graph\":[{\"@type\":\"WebPage\",\"@id\":\"https:\/\/vanengelandt.com\/fr\/jobs\/\",\"url\":\"https:\/\/vanengelandt.com\/fr\/jobs\/\",\"name\":\"Jobs travailler chez Van Engelandt | Van Engelandt boucherie \u00e0 Anderlecht\",\"isPartOf\":{\"@id\":\"https:\/\/vanengelandt.com\/fr\/#website\"},\"datePublished\":\"2021-11-17T10:40:44+00:00\",\"dateModified\":\"2024-11-28T15:02:36+00:00\",\"description\":\"Van Engelandt s\u2019int\u00e9resse aux nouveaux talents! Consultez nos offres et venez solliciter pour les jobs chez Van Engelandt boucherie.\",\"breadcrumb\":{\"@id\":\"https:\/\/vanengelandt.com\/fr\/jobs\/#breadcrumb\"},\"inLanguage\":\"fr-BE\",\"potentialAction\":[{\"@type\":\"ReadAction\",\"target\":[\"https:\/\/vanengelandt.com\/fr\/jobs\/\"]}]},{\"@type\":\"BreadcrumbList\",\"@id\":\"https:\/\/vanengelandt.com\/fr\/jobs\/#breadcrumb\",\"itemListElement\":[{\"@type\":\"ListItem\",\"position\":1,\"name\":\"Home\",\"item\":\"https:\/\/vanengelandt.com\/fr\/\"},{\"@type\":\"ListItem\",\"position\":2,\"name\":\"Jobs\"}]},{\"@type\":\"WebSite\",\"@id\":\"https:\/\/vanengelandt.com\/fr\/#website\",\"url\":\"https:\/\/vanengelandt.com\/fr\/\",\"name\":\"Van Engelandt\",\"description\":\"\",\"potentialAction\":[{\"@type\":\"SearchAction\",\"target\":{\"@type\":\"EntryPoint\",\"urlTemplate\":\"https:\/\/vanengelandt.com\/fr\/?s={search_term_string}\"},\"query-input\":{\"@type\":\"PropertyValueSpecification\",\"valueRequired\":true,\"valueName\":\"search_term_string\"}}],\"inLanguage\":\"fr-BE\"}]}<\/script>\n<!-- \/ Yoast SEO plugin. -->","yoast_head_json":{"title":"Jobs travailler chez Van Engelandt | Van Engelandt boucherie \u00e0 Anderlecht","description":"Van Engelandt s\u2019int\u00e9resse aux nouveaux talents! Consultez nos offres et venez solliciter pour les jobs chez Van Engelandt boucherie.","robots":{"index":"index","follow":"follow","max-snippet":"max-snippet:-1","max-image-preview":"max-image-preview:large","max-video-preview":"max-video-preview:-1"},"canonical":"https:\/\/vanengelandt.com\/fr\/jobs\/","og_locale":"fr_FR","og_type":"article","og_title":"Jobs travailler chez Van Engelandt | Van Engelandt boucherie \u00e0 Anderlecht","og_description":"Van Engelandt s\u2019int\u00e9resse aux nouveaux talents! Consultez nos offres et venez solliciter pour les jobs chez Van Engelandt boucherie.","og_url":"https:\/\/vanengelandt.com\/fr\/jobs\/","og_site_name":"Van Engelandt","article_modified_time":"2024-11-28T15:02:36+00:00","twitter_card":"summary_large_image","twitter_misc":{"Dur\u00e9e de lecture est.":"2 minutes"},"schema":{"@context":"https:\/\/schema.org","@graph":[{"@type":"WebPage","@id":"https:\/\/vanengelandt.com\/fr\/jobs\/","url":"https:\/\/vanengelandt.com\/fr\/jobs\/","name":"Jobs travailler chez Van Engelandt | Van Engelandt boucherie \u00e0 Anderlecht","isPartOf":{"@id":"https:\/\/vanengelandt.com\/fr\/#website"},"datePublished":"2021-11-17T10:40:44+00:00","dateModified":"2024-11-28T15:02:36+00:00","description":"Van Engelandt s\u2019int\u00e9resse aux nouveaux talents! Consultez nos offres et venez solliciter pour les jobs chez Van Engelandt boucherie.","breadcrumb":{"@id":"https:\/\/vanengelandt.com\/fr\/jobs\/#breadcrumb"},"inLanguage":"fr-BE","potentialAction":[{"@type":"ReadAction","target":["https:\/\/vanengelandt.com\/fr\/jobs\/"]}]},{"@type":"BreadcrumbList","@id":"https:\/\/vanengelandt.com\/fr\/jobs\/#breadcrumb","itemListElement":[{"@type":"ListItem","position":1,"name":"Home","item":"https:\/\/vanengelandt.com\/fr\/"},{"@type":"ListItem","position":2,"name":"Jobs"}]},{"@type":"WebSite","@id":"https:\/\/vanengelandt.com\/fr\/#website","url":"https:\/\/vanengelandt.com\/fr\/","name":"Van Engelandt","description":"","potentialAction":[{"@type":"SearchAction","target":{"@type":"EntryPoint","urlTemplate":"https:\/\/vanengelandt.com\/fr\/?s={search_term_string}"},"query-input":{"@type":"PropertyValueSpecification","valueRequired":true,"valueName":"search_term_string"}}],"inLanguage":"fr-BE"}]}},"_links":{"self":[{"href":"https:\/\/vanengelandt.com\/fr\/wp-json\/wp\/v2\/pages\/2395","targetHints":{"allow":["GET"]}}],"collection":[{"href":"https:\/\/vanengelandt.com\/fr\/wp-json\/wp\/v2\/pages"}],"about":[{"href":"https:\/\/vanengelandt.com\/fr\/wp-json\/wp\/v2\/types\/page"}],"author":[{"embeddable":true,"href":"https:\/\/vanengelandt.com\/fr\/wp-json\/wp\/v2\/users\/1"}],"replies":[{"embeddable":true,"href":"https:\/\/vanengelandt.com\/fr\/wp-json\/wp\/v2\/comments?post=2395"}],"version-history":[{"count":13,"href":"https:\/\/vanengelandt.com\/fr\/wp-json\/wp\/v2\/pages\/2395\/revisions"}],"predecessor-version":[{"id":3249,"href":"https:\/\/vanengelandt.com\/fr\/wp-json\/wp\/v2\/pages\/2395\/revisions\/3249"}],"wp:attachment":[{"href":"https:\/\/vanengelandt.com\/fr\/wp-json\/wp\/v2\/media?parent=2395"}],"wp:term":[{"taxonomy":"category","embeddable":true,"href":"https:\/\/vanengelandt.com\/fr\/wp-json\/wp\/v2\/categories?post=2395"},{"taxonomy":"post_tag","embeddable":true,"href":"https:\/\/vanengelandt.com\/fr\/wp-json\/wp\/v2\/tags?post=2395"}],"curies":[{"name":"wp","href":"https:\/\/api.w.org\/{rel}","templated":true}]}}