{"id":2027,"date":"2021-02-16T10:48:35","date_gmt":"2021-02-16T10:48:35","guid":{"rendered":"https:\/\/vanengelandt.com\/nos-viandes\/skin-verpakte-versnijding\/"},"modified":"2024-06-28T11:21:14","modified_gmt":"2024-06-28T11:21:14","slug":"coupe-de-la-peau-emballee","status":"publish","type":"page","link":"https:\/\/vanengelandt.com\/fr\/nos-viandes\/coupe-de-la-peau-emballee\/","title":{"rendered":"Coupe de la peau emball\u00e9e"},"content":{"rendered":"<section class=\"l-section wpb_row fullsizeheader height_medium full_height valign_center\" id=\"aligntopmobile\"><div class=\"l-section-h i-cf\"><div class=\"g-cols vc_row via_flex valign_middle type_default stacking_default\"><div class=\"vc_col-sm-1 wpb_column vc_column_container imgleft has_bg_color stretched\"><div class=\"vc_column-inner us_custom_8b59dae4\"><div class=\"wpb_wrapper\"><\/div><\/div><\/div><div class=\"vc_col-sm-2 wpb_column vc_column_container\"><div class=\"vc_column-inner\"><div class=\"wpb_wrapper\"><\/div><\/div><\/div><div class=\"vc_col-sm-7 wpb_column vc_column_container\"><div class=\"vc_column-inner\"><div class=\"wpb_wrapper\"><div class=\"wpb_text_column us_custom_98e5bc1c producttitel has_text_color\"><div class=\"wpb_wrapper\"><h1>Coupe de la peau emball\u00e9e<\/h1>\n<\/div><\/div><div class=\"wpb_text_column light\"><div class=\"wpb_wrapper\"><h3><strong>Coupe de la peau emball\u00e9e<\/strong> est disponible chez Van Engelandt boucherie \u00e0 Anderlecht. Nous fournissons de la viande dans toutes les coupes. Contactez-nous ou commandez via le <a href=\"https:\/\/vanengelandt.com\/contact\/\">formulaire de contact<\/a>.<\/h3>\n<\/div><\/div><div class=\"w-separator size_small\"><\/div><div class=\"w-btn-wrapper align_none\"><a class=\"w-btn us-btn-style_1 medium icon_atright\" href=\"#cuts\"><span class=\"w-btn-label\">Onze versnijdingen<\/span><i class=\"fas fa-square-full\"><\/i><\/a><\/div><div class=\"w-btn-wrapper align_none\"><a class=\"w-btn us-btn-style_1 medium icon_atright\" title=\"Contact\" href=\"http:\/\/vanengelandt.com\/contact\/\"><span class=\"w-btn-label\">Bestel online<\/span><i class=\"fas fa-square-full\"><\/i><\/a><\/div><\/div><\/div><\/div><\/div><\/div><\/section>\n","protected":false},"excerpt":{"rendered":"Coupe de la peau emball\u00e9e Coupe de la peau emball\u00e9e est disponible chez Van Engelandt boucherie \u00e0 Anderlecht. Nous fournissons de la viande dans toutes les coupes. Contactez-nous ou commandez via le formulaire de contact. Onze versnijdingenBestel online","protected":false},"author":1,"featured_media":162,"parent":1778,"menu_order":12,"comment_status":"closed","ping_status":"closed","template":"","meta":{"_acf_changed":false,"footnotes":""},"categories":[45],"tags":[],"class_list":["post-2027","page","type-page","status-publish","has-post-thumbnail","hentry","category-onze-vleessoorten-fr"],"acf":[],"yoast_head":"<!-- This site is optimized with the Yoast SEO plugin v25.3.1 - https:\/\/yoast.com\/wordpress\/plugins\/seo\/ -->\n<title>Coupe de la peau emball\u00e9e | Van Engelandt boucherie \u00e0 Anderlecht<\/title>\n<meta name=\"description\" content=\"Coupe de la peau emball\u00e9e est l&#039;une des sp\u00e9cialit\u00e9s de Van Englandt d&#039;Anderlecht (Bruxelles). Visitez notre site web pour plus d&#039;informations\" \/>\n<meta name=\"robots\" content=\"index, follow, max-snippet:-1, max-image-preview:large, max-video-preview:-1\" \/>\n<link rel=\"canonical\" href=\"https:\/\/vanengelandt.com\/fr\/nos-viandes\/coupe-de-la-peau-emballee\/\" \/>\n<meta property=\"og:locale\" content=\"fr_FR\" \/>\n<meta property=\"og:type\" content=\"article\" \/>\n<meta property=\"og:title\" content=\"Coupe de la peau emball\u00e9e | Van Engelandt boucherie \u00e0 Anderlecht\" \/>\n<meta property=\"og:description\" content=\"Coupe de la peau emball\u00e9e est l&#039;une des sp\u00e9cialit\u00e9s de Van Englandt d&#039;Anderlecht (Bruxelles). Visitez notre site web pour plus d&#039;informations\" \/>\n<meta property=\"og:url\" content=\"https:\/\/vanengelandt.com\/fr\/nos-viandes\/coupe-de-la-peau-emballee\/\" \/>\n<meta property=\"og:site_name\" content=\"Van Engelandt\" \/>\n<meta property=\"article:modified_time\" content=\"2024-06-28T11:21:14+00:00\" \/>\n<meta property=\"og:image\" content=\"https:\/\/vanengelandt.com\/wp-content\/uploads\/2021\/02\/vleessoort.jpg\" \/>\n\t<meta property=\"og:image:width\" content=\"374\" \/>\n\t<meta property=\"og:image:height\" content=\"374\" \/>\n\t<meta property=\"og:image:type\" content=\"image\/jpeg\" \/>\n<meta name=\"twitter:card\" content=\"summary_large_image\" \/>\n<meta name=\"twitter:label1\" content=\"Dur\u00e9e de lecture est.\" \/>\n\t<meta name=\"twitter:data1\" content=\"1 minute\" \/>\n<script type=\"application\/ld+json\" class=\"yoast-schema-graph\">{\"@context\":\"https:\/\/schema.org\",\"@graph\":[{\"@type\":\"WebPage\",\"@id\":\"https:\/\/vanengelandt.com\/fr\/nos-viandes\/coupe-de-la-peau-emballee\/\",\"url\":\"https:\/\/vanengelandt.com\/fr\/nos-viandes\/coupe-de-la-peau-emballee\/\",\"name\":\"Coupe de la peau emball\u00e9e | Van Engelandt boucherie \u00e0 Anderlecht\",\"isPartOf\":{\"@id\":\"https:\/\/vanengelandt.com\/fr\/#website\"},\"primaryImageOfPage\":{\"@id\":\"https:\/\/vanengelandt.com\/fr\/nos-viandes\/coupe-de-la-peau-emballee\/#primaryimage\"},\"image\":{\"@id\":\"https:\/\/vanengelandt.com\/fr\/nos-viandes\/coupe-de-la-peau-emballee\/#primaryimage\"},\"thumbnailUrl\":\"https:\/\/vanengelandt.com\/wp-content\/uploads\/2021\/02\/vleessoort.jpg\",\"datePublished\":\"2021-02-16T10:48:35+00:00\",\"dateModified\":\"2024-06-28T11:21:14+00:00\",\"description\":\"Coupe de la peau emball\u00e9e est l'une des sp\u00e9cialit\u00e9s de Van Englandt d'Anderlecht (Bruxelles). Visitez notre site web pour plus d'informations\",\"breadcrumb\":{\"@id\":\"https:\/\/vanengelandt.com\/fr\/nos-viandes\/coupe-de-la-peau-emballee\/#breadcrumb\"},\"inLanguage\":\"fr-BE\",\"potentialAction\":[{\"@type\":\"ReadAction\",\"target\":[\"https:\/\/vanengelandt.com\/fr\/nos-viandes\/coupe-de-la-peau-emballee\/\"]}]},{\"@type\":\"ImageObject\",\"inLanguage\":\"fr-BE\",\"@id\":\"https:\/\/vanengelandt.com\/fr\/nos-viandes\/coupe-de-la-peau-emballee\/#primaryimage\",\"url\":\"https:\/\/vanengelandt.com\/wp-content\/uploads\/2021\/02\/vleessoort.jpg\",\"contentUrl\":\"https:\/\/vanengelandt.com\/wp-content\/uploads\/2021\/02\/vleessoort.jpg\",\"width\":374,\"height\":374,\"caption\":\"Lamsvlees Van Engelandt slagerij\"},{\"@type\":\"BreadcrumbList\",\"@id\":\"https:\/\/vanengelandt.com\/fr\/nos-viandes\/coupe-de-la-peau-emballee\/#breadcrumb\",\"itemListElement\":[{\"@type\":\"ListItem\",\"position\":1,\"name\":\"Home\",\"item\":\"https:\/\/vanengelandt.com\/fr\/\"},{\"@type\":\"ListItem\",\"position\":2,\"name\":\"Nos viandes\",\"item\":\"https:\/\/vanengelandt.com\/fr\/nos-viandes\/\"},{\"@type\":\"ListItem\",\"position\":3,\"name\":\"Coupe de la peau emball\u00e9e\"}]},{\"@type\":\"WebSite\",\"@id\":\"https:\/\/vanengelandt.com\/fr\/#website\",\"url\":\"https:\/\/vanengelandt.com\/fr\/\",\"name\":\"Van Engelandt\",\"description\":\"\",\"potentialAction\":[{\"@type\":\"SearchAction\",\"target\":{\"@type\":\"EntryPoint\",\"urlTemplate\":\"https:\/\/vanengelandt.com\/fr\/?s={search_term_string}\"},\"query-input\":{\"@type\":\"PropertyValueSpecification\",\"valueRequired\":true,\"valueName\":\"search_term_string\"}}],\"inLanguage\":\"fr-BE\"}]}<\/script>\n<!-- \/ Yoast SEO plugin. -->","yoast_head_json":{"title":"Coupe de la peau emball\u00e9e | Van Engelandt boucherie \u00e0 Anderlecht","description":"Coupe de la peau emball\u00e9e est l'une des sp\u00e9cialit\u00e9s de Van Englandt d'Anderlecht (Bruxelles). Visitez notre site web pour plus d'informations","robots":{"index":"index","follow":"follow","max-snippet":"max-snippet:-1","max-image-preview":"max-image-preview:large","max-video-preview":"max-video-preview:-1"},"canonical":"https:\/\/vanengelandt.com\/fr\/nos-viandes\/coupe-de-la-peau-emballee\/","og_locale":"fr_FR","og_type":"article","og_title":"Coupe de la peau emball\u00e9e | Van Engelandt boucherie \u00e0 Anderlecht","og_description":"Coupe de la peau emball\u00e9e est l'une des sp\u00e9cialit\u00e9s de Van Englandt d'Anderlecht (Bruxelles). Visitez notre site web pour plus d'informations","og_url":"https:\/\/vanengelandt.com\/fr\/nos-viandes\/coupe-de-la-peau-emballee\/","og_site_name":"Van Engelandt","article_modified_time":"2024-06-28T11:21:14+00:00","og_image":[{"width":374,"height":374,"url":"https:\/\/vanengelandt.com\/wp-content\/uploads\/2021\/02\/vleessoort.jpg","type":"image\/jpeg"}],"twitter_card":"summary_large_image","twitter_misc":{"Dur\u00e9e de lecture est.":"1 minute"},"schema":{"@context":"https:\/\/schema.org","@graph":[{"@type":"WebPage","@id":"https:\/\/vanengelandt.com\/fr\/nos-viandes\/coupe-de-la-peau-emballee\/","url":"https:\/\/vanengelandt.com\/fr\/nos-viandes\/coupe-de-la-peau-emballee\/","name":"Coupe de la peau emball\u00e9e | Van Engelandt boucherie \u00e0 Anderlecht","isPartOf":{"@id":"https:\/\/vanengelandt.com\/fr\/#website"},"primaryImageOfPage":{"@id":"https:\/\/vanengelandt.com\/fr\/nos-viandes\/coupe-de-la-peau-emballee\/#primaryimage"},"image":{"@id":"https:\/\/vanengelandt.com\/fr\/nos-viandes\/coupe-de-la-peau-emballee\/#primaryimage"},"thumbnailUrl":"https:\/\/vanengelandt.com\/wp-content\/uploads\/2021\/02\/vleessoort.jpg","datePublished":"2021-02-16T10:48:35+00:00","dateModified":"2024-06-28T11:21:14+00:00","description":"Coupe de la peau emball\u00e9e est l'une des sp\u00e9cialit\u00e9s de Van Englandt d'Anderlecht (Bruxelles). Visitez notre site web pour plus d'informations","breadcrumb":{"@id":"https:\/\/vanengelandt.com\/fr\/nos-viandes\/coupe-de-la-peau-emballee\/#breadcrumb"},"inLanguage":"fr-BE","potentialAction":[{"@type":"ReadAction","target":["https:\/\/vanengelandt.com\/fr\/nos-viandes\/coupe-de-la-peau-emballee\/"]}]},{"@type":"ImageObject","inLanguage":"fr-BE","@id":"https:\/\/vanengelandt.com\/fr\/nos-viandes\/coupe-de-la-peau-emballee\/#primaryimage","url":"https:\/\/vanengelandt.com\/wp-content\/uploads\/2021\/02\/vleessoort.jpg","contentUrl":"https:\/\/vanengelandt.com\/wp-content\/uploads\/2021\/02\/vleessoort.jpg","width":374,"height":374,"caption":"Lamsvlees Van Engelandt slagerij"},{"@type":"BreadcrumbList","@id":"https:\/\/vanengelandt.com\/fr\/nos-viandes\/coupe-de-la-peau-emballee\/#breadcrumb","itemListElement":[{"@type":"ListItem","position":1,"name":"Home","item":"https:\/\/vanengelandt.com\/fr\/"},{"@type":"ListItem","position":2,"name":"Nos viandes","item":"https:\/\/vanengelandt.com\/fr\/nos-viandes\/"},{"@type":"ListItem","position":3,"name":"Coupe de la peau emball\u00e9e"}]},{"@type":"WebSite","@id":"https:\/\/vanengelandt.com\/fr\/#website","url":"https:\/\/vanengelandt.com\/fr\/","name":"Van Engelandt","description":"","potentialAction":[{"@type":"SearchAction","target":{"@type":"EntryPoint","urlTemplate":"https:\/\/vanengelandt.com\/fr\/?s={search_term_string}"},"query-input":{"@type":"PropertyValueSpecification","valueRequired":true,"valueName":"search_term_string"}}],"inLanguage":"fr-BE"}]}},"_links":{"self":[{"href":"https:\/\/vanengelandt.com\/fr\/wp-json\/wp\/v2\/pages\/2027","targetHints":{"allow":["GET"]}}],"collection":[{"href":"https:\/\/vanengelandt.com\/fr\/wp-json\/wp\/v2\/pages"}],"about":[{"href":"https:\/\/vanengelandt.com\/fr\/wp-json\/wp\/v2\/types\/page"}],"author":[{"embeddable":true,"href":"https:\/\/vanengelandt.com\/fr\/wp-json\/wp\/v2\/users\/1"}],"replies":[{"embeddable":true,"href":"https:\/\/vanengelandt.com\/fr\/wp-json\/wp\/v2\/comments?post=2027"}],"version-history":[{"count":7,"href":"https:\/\/vanengelandt.com\/fr\/wp-json\/wp\/v2\/pages\/2027\/revisions"}],"predecessor-version":[{"id":3196,"href":"https:\/\/vanengelandt.com\/fr\/wp-json\/wp\/v2\/pages\/2027\/revisions\/3196"}],"up":[{"embeddable":true,"href":"https:\/\/vanengelandt.com\/fr\/wp-json\/wp\/v2\/pages\/1778"}],"wp:featuredmedia":[{"embeddable":true,"href":"https:\/\/vanengelandt.com\/fr\/wp-json\/wp\/v2\/media\/162"}],"wp:attachment":[{"href":"https:\/\/vanengelandt.com\/fr\/wp-json\/wp\/v2\/media?parent=2027"}],"wp:term":[{"taxonomy":"category","embeddable":true,"href":"https:\/\/vanengelandt.com\/fr\/wp-json\/wp\/v2\/categories?post=2027"},{"taxonomy":"post_tag","embeddable":true,"href":"https:\/\/vanengelandt.com\/fr\/wp-json\/wp\/v2\/tags?post=2027"}],"curies":[{"name":"wp","href":"https:\/\/api.w.org\/{rel}","templated":true}]}}