{"id":1849,"date":"2021-02-16T10:47:02","date_gmt":"2021-02-16T10:47:02","guid":{"rendered":"https:\/\/vanengelandt.com\/supermarkten\/"},"modified":"2024-06-26T11:52:50","modified_gmt":"2024-06-26T11:52:50","slug":"supermarches","status":"publish","type":"page","link":"https:\/\/vanengelandt.com\/fr\/supermarches\/","title":{"rendered":"Supermarch\u00e9s"},"content":{"rendered":"<section class=\"l-section wpb_row fullsizeheader height_medium full_height valign_center\" id=\"aligntopmobile\"><div class=\"l-section-h i-cf\"><div class=\"g-cols vc_row via_flex valign_middle type_default stacking_default\"><div class=\"vc_col-sm-3 wpb_column vc_column_container imgleft has_bg_color stretched\"><div class=\"vc_column-inner us_custom_08f94b0a\"><div class=\"wpb_wrapper\"><\/div><\/div><\/div><div class=\"vc_col-sm-2 wpb_column vc_column_container\"><div class=\"vc_column-inner\"><div class=\"wpb_wrapper\"><\/div><\/div><\/div><div class=\"vc_col-sm-7 wpb_column vc_column_container\"><div class=\"vc_column-inner\"><div class=\"wpb_wrapper\"><div class=\"wpb_text_column us_custom_98e5bc1c producttitel has_text_color\"><div class=\"wpb_wrapper\"><h1>Fournisseur fiable de viande pour les supermarch\u00e9s<\/h1>\n<\/div><\/div><div class=\"wpb_text_column light\"><div class=\"wpb_wrapper\"><h3>Les <strong>supermarch\u00e9s<\/strong>, \u00e0 qui nous fournissons \u00e9galement de la viande. D\u00e9marquez-vous avec votre rayon viandes et faites de vos fid\u00e8les clients des ambassadeurs. Vous trouverez chez Van Engelandt tous les types de viandes et de sp\u00e9cialit\u00e9s, tous de la meilleure qualit\u00e9.<\/h3>\n<\/div><\/div><div class=\"w-separator size_small\"><\/div><div class=\"w-btn-wrapper align_none\"><a class=\"w-btn us-btn-style_1 medium icon_atright\" href=\"http:\/\/vanengelandt.com\/fr\/contact\/\"><span class=\"w-btn-label\">Commandez en ligne<\/span><i class=\"fas fa-square-full\"><\/i><\/a><\/div><\/div><\/div><\/div><\/div><\/div><\/section><section class=\"l-section wpb_row height_auto\"><div class=\"l-section-h i-cf\"><div class=\"g-cols vc_row via_flex valign_top type_default stacking_default\"><div class=\"vc_col-sm-12 wpb_column vc_column_container\"><div class=\"vc_column-inner\"><div class=\"wpb_wrapper\"><section class=\"l-section wpb_row height_large\"><div class=\"l-section-h i-cf\"><div class=\"g-cols vc_row via_flex valign_top type_default stacking_default\"><div class=\"vc_col-sm-3 wpb_column vc_column_container\"><div class=\"vc_column-inner\"><div class=\"wpb_wrapper\"><div class=\"wpb_text_column medium predots\"><div class=\"wpb_wrapper\"><p>VASTE ASSORTIMENT<\/p>\n<\/div><\/div><div class=\"wpb_text_column light\"><div class=\"wpb_wrapper\"><p>Produits internationaux soigneusement s\u00e9lectionn\u00e9s<\/p>\n<\/div><\/div><\/div><\/div><\/div><div class=\"vc_col-sm-3 wpb_column vc_column_container\"><div class=\"vc_column-inner\"><div class=\"wpb_wrapper\"><div class=\"wpb_text_column medium predots\"><div class=\"wpb_wrapper\"><p>LONGUE EXP\u00c9RIENCE<\/p>\n<\/div><\/div><div class=\"wpb_text_column light\"><div class=\"wpb_wrapper\"><p>Des d\u00e9coupes parfaites par les meilleurs chefs dans une entreprise familiale riche d\u2019une grande exp\u00e9rience<\/p>\n<\/div><\/div><\/div><\/div><\/div><div class=\"vc_col-sm-3 wpb_column vc_column_container\"><div class=\"vc_column-inner\"><div class=\"wpb_wrapper\"><div class=\"wpb_text_column medium predots\"><div class=\"wpb_wrapper\"><p>QUALIT\u00c9 ARTISANALE<\/p>\n<\/div><\/div><div class=\"wpb_text_column light\"><div class=\"wpb_wrapper\"><p>Certificats, partenaires et machines de pointe<\/p>\n<\/div><\/div><\/div><\/div><\/div><\/div><\/div><\/section>\n<\/div><\/div><\/div><\/div><\/div><\/section><section class=\"l-section wpb_row height_huge\"><div class=\"l-section-overlay\" style=\"background:#F0B747\"><\/div><div class=\"l-section-h i-cf\"><div class=\"g-cols vc_row via_flex valign_top type_default stacking_default\"><div class=\"vc_col-sm-12 wpb_column vc_column_container\"><div class=\"vc_column-inner\"><div class=\"wpb_wrapper\"><div class=\"g-cols wpb_row via_flex valign_top type_default stacking_default\" style=\"--additional-gap:1.5rem;\"><div class=\"vc_col-sm-6 wpb_column vc_column_container\"><div class=\"vc_column-inner\"><div class=\"wpb_wrapper\"><div class=\"wpb_text_column us_custom_6df4bc3a has_text_color\"><div class=\"wpb_wrapper\"><h4>Supermarch\u00e9s, g\u00e2tez vos clients avec<br \/>\nde la viande de qualit\u00e9<\/h4>\n<\/div><\/div><div class=\"wpb_text_column light\"><div class=\"wpb_wrapper\"><p><span class=\"TextRun SCXW243048501 BCX0\" lang=\"FR-FR\" xml:lang=\"FR-FR\" data-contrast=\"auto\"><span class=\"NormalTextRun SCXW243048501 BCX0\">Les clients sont de plus en plus exigeants vis-\u00e0-vis des <strong>supermarch\u00e9s<\/strong>, et c\u2019est normal.<\/span><\/span><span class=\"TextRun SCXW243048501 BCX0\" lang=\"FR-FR\" xml:lang=\"FR-FR\" data-contrast=\"auto\"><span class=\"NormalTextRun SCXW243048501 BCX0\">\u00a0<\/span><\/span><span class=\"TextRun SCXW243048501 BCX0\" lang=\"FR-FR\" xml:lang=\"FR-FR\" data-contrast=\"auto\"><span class=\"NormalTextRun SCXW243048501 BCX0\">Le temps, c\u2019est de l\u2019argent&#8230; Voil\u00e0 pourquoi de nombreux clients aiment pouvoir faire toutes leurs courses au m\u00eame endroit.<\/span><\/span><span class=\"TextRun SCXW243048501 BCX0\" lang=\"FR-FR\" xml:lang=\"FR-FR\" data-contrast=\"auto\"><span class=\"NormalTextRun SCXW243048501 BCX0\">\u00a0<\/span><\/span><span class=\"TextRun SCXW243048501 BCX0\" lang=\"FR-FR\" xml:lang=\"FR-FR\" data-contrast=\"auto\"><span class=\"NormalTextRun SCXW243048501 BCX0\">En outre, de plus en plus de clients font leurs courses une fois par semaine et non plus chaque jour.<\/span><\/span><span class=\"TextRun SCXW243048501 BCX0\" lang=\"FR-FR\" xml:lang=\"FR-FR\" data-contrast=\"auto\"><span class=\"NormalTextRun SCXW243048501 BCX0\">\u00a0<\/span><\/span><span class=\"TextRun SCXW243048501 BCX0\" lang=\"FR-FR\" xml:lang=\"FR-FR\" data-contrast=\"auto\"><span class=\"NormalTextRun SCXW243048501 BCX0\">Il est donc plus important que jamais de proposer de la qualit\u00e9 avec une longue dur\u00e9e de conservation.<\/span><\/span><span class=\"TextRun SCXW243048501 BCX0\" lang=\"FR-FR\" xml:lang=\"FR-FR\" data-contrast=\"auto\"><span class=\"NormalTextRun SCXW243048501 BCX0\">\u00a0<\/span><\/span><span class=\"TextRun SCXW243048501 BCX0\" lang=\"FR-FR\" xml:lang=\"FR-FR\" data-contrast=\"auto\"><span class=\"NormalTextRun SCXW243048501 BCX0\">R\u00e9pondez aux besoins de vos clients et offrez un vaste assortiment dans votre rayon boucherie.<\/span><\/span><span class=\"TextRun SCXW243048501 BCX0\" lang=\"FR-FR\" xml:lang=\"FR-FR\" data-contrast=\"auto\"><span class=\"NormalTextRun SCXW243048501 BCX0\">\u00a0<\/span><\/span><span class=\"TextRun SCXW243048501 BCX0\" lang=\"FR-FR\" xml:lang=\"FR-FR\" data-contrast=\"auto\"><span class=\"NormalTextRun SCXW243048501 BCX0\">Du b\u0153uf, de l\u2019agneau, du porc, du veau, de la volaille et du gibier ou encore de la charcuterie et des sp\u00e9cialit\u00e9s dont du jambon, des fonds de viande et de la charcuterie fran\u00e7aise.<\/span><\/span><span class=\"TextRun SCXW243048501 BCX0\" lang=\"FR-FR\" xml:lang=\"FR-FR\" data-contrast=\"auto\"><span class=\"NormalTextRun SCXW243048501 BCX0\">\u00a0<\/span><\/span><span class=\"EOP SCXW243048501 BCX0\" data-ccp-props=\"{&quot;201341983&quot;:0,&quot;335559739&quot;:160,&quot;335559740&quot;:259}\">\u00a0<\/span><\/p>\n<\/div><\/div><div class=\"w-separator size_small\"><\/div><\/div><\/div><\/div><div class=\"vc_col-sm-6 wpb_column vc_column_container\"><div class=\"vc_column-inner\"><div class=\"wpb_wrapper\"><\/div><\/div><\/div><\/div><div class=\"g-cols wpb_row via_flex valign_top type_default stacking_default\" style=\"--additional-gap:1.5rem;\"><div class=\"vc_col-sm-6 vc_hidden-xs wpb_column vc_column_container\"><div class=\"vc_column-inner\"><div class=\"wpb_wrapper\"><div class=\"w-image has_ratio align_center\"><div class=\"w-image-h\"><div style=\"padding-bottom:146.9697%\"><\/div><img decoding=\"async\" width=\"1024\" height=\"682\" src=\"https:\/\/vanengelandt.com\/wp-content\/uploads\/2021\/03\/Supermarkt-2-1024x682.jpg\" class=\"attachment-large size-large\" alt=\"Vleesgroothandel voor de slagerij in supermarkten.\" loading=\"lazy\" \/><\/div><\/div><\/div><\/div><\/div><div class=\"vc_col-sm-6 wpb_column vc_column_container\"><div class=\"vc_column-inner\"><div class=\"wpb_wrapper\"><div class=\"w-image rightpicup has_ratio align_center\"><div class=\"w-image-h\"><div style=\"padding-bottom:146.9697%\"><\/div><img decoding=\"async\" width=\"1024\" height=\"682\" src=\"https:\/\/vanengelandt.com\/wp-content\/uploads\/2021\/03\/Supermarkt1-1024x682.jpg\" class=\"attachment-large size-large\" alt=\"Vleesgroothandel voor de slagerij in supermarkten.\" loading=\"lazy\" \/><\/div><\/div><div class=\"w-separator size_medium\"><\/div><div class=\"wpb_text_column light\"><div class=\"wpb_wrapper\"><p><span class=\"TextRun SCXW246836581 BCX0\" lang=\"FR-FR\" xml:lang=\"FR-FR\" data-contrast=\"auto\"><span class=\"NormalTextRun SCXW246836581 BCX0\">Pour les supermarch\u00e9s, Van\u00a0<\/span><span class=\"NormalTextRun SpellingErrorV2 SCXW246836581 BCX0\">Engelandt<\/span><span class=\"NormalTextRun SCXW246836581 BCX0\">\u00a0travaille de mani\u00e8re personnalis\u00e9e en fonction du client, et avec son propre syst\u00e8me de transport.<\/span><\/span><span class=\"TextRun SCXW246836581 BCX0\" lang=\"FR-FR\" xml:lang=\"FR-FR\" data-contrast=\"auto\"><span class=\"NormalTextRun SCXW246836581 BCX0\">\u00a0<\/span><\/span><span class=\"TextRun SCXW246836581 BCX0\" lang=\"FR-FR\" xml:lang=\"FR-FR\" data-contrast=\"auto\"><span class=\"NormalTextRun SCXW246836581 BCX0\">Les livraisons peuvent ainsi \u00eatre adapt\u00e9es \u00e0 vos besoins.<\/span><\/span><span class=\"TextRun SCXW246836581 BCX0\" lang=\"FR-FR\" xml:lang=\"FR-FR\" data-contrast=\"auto\"><span class=\"NormalTextRun SCXW246836581 BCX0\">\u00a0<\/span><\/span><span class=\"TextRun SCXW246836581 BCX0\" lang=\"FR-FR\" xml:lang=\"FR-FR\" data-contrast=\"auto\"><span class=\"NormalTextRun SCXW246836581 BCX0\">Des solutions EDI sont \u00e9galement possibles.<\/span><\/span><span class=\"TextRun SCXW246836581 BCX0\" lang=\"FR-FR\" xml:lang=\"FR-FR\" data-contrast=\"auto\"><span class=\"NormalTextRun SCXW246836581 BCX0\">\u00a0<\/span><\/span><span class=\"TextRun SCXW246836581 BCX0\" lang=\"FR-FR\" xml:lang=\"FR-FR\" data-contrast=\"auto\"><span class=\"NormalTextRun SCXW246836581 BCX0\">Contactez sans engagement un de nos repr\u00e9sentants pour faire connaissance, ou passez commande sur notre site Web.<\/span><\/span><span class=\"EOP SCXW246836581 BCX0\" data-ccp-props=\"{&quot;201341983&quot;:0,&quot;335559739&quot;:160,&quot;335559740&quot;:259}\">\u00a0<\/span><\/p>\n<\/div><\/div><\/div><\/div><\/div><\/div><\/div><\/div><\/div><\/div><\/div><\/section><section class=\"l-section wpb_row height_auto\"><div class=\"l-section-h i-cf\"><div class=\"g-cols vc_row via_flex valign_top type_default stacking_default\"><div class=\"vc_col-sm-12 wpb_column vc_column_container\"><div class=\"vc_column-inner\"><div class=\"wpb_wrapper\"><section class=\"l-section wpb_row height_huge\"><div class=\"l-section-h i-cf\"><div class=\"g-cols vc_row via_flex valign_top type_default stacking_default\"><div class=\"vc_col-sm-2 wpb_column vc_column_container\"><div class=\"vc_column-inner\"><div class=\"wpb_wrapper\"><\/div><\/div><\/div><div class=\"vc_col-sm-10 wpb_column vc_column_container stretched\"><div class=\"vc_column-inner\"><div class=\"wpb_wrapper\"><div class=\"wpb_text_column\"><div class=\"wpb_wrapper\"><h4>De la viande fra\u00eeche pour<br \/>\nles supermarch\u00e9s et le secteur horeca<\/h4>\n<\/div><\/div><div class=\"g-cols wpb_row via_flex valign_top type_boxes stacking_default\"><div class=\"vc_col-sm-4 wpb_column vc_column_container has-link\"><div class=\"vc_column-inner\"><div class=\"wpb_wrapper\"><div class=\"wpb_text_column medium predots\"><div class=\"wpb_wrapper\"><p>SUPERMARCH\u00c9<\/p>\n<\/div><\/div><div class=\"wpb_text_column light\"><div class=\"wpb_wrapper\"><p>Offrez \u00e0 vos clients une large gamme de produits frais et de qualit\u00e9 qui leur donneront enti\u00e8re satisfaction.<\/p>\n<\/div><\/div><\/div><\/div><a title=\"Supermarkten\" href=\"http:\/\/vanengelandt.com\/fr\/supermarches\/\" class=\"vc_column-link smooth-scroll\"><\/a><\/div><div class=\"vc_col-sm-4 wpb_column vc_column_container has-link\"><div class=\"vc_column-inner\"><div class=\"wpb_wrapper\"><div class=\"wpb_text_column medium predots\"><div class=\"wpb_wrapper\"><p>PARTICULIERS<\/p>\n<\/div><\/div><div class=\"wpb_text_column light\"><div class=\"wpb_wrapper\"><p>Vous voulez proposer un d\u00e9licieux repas \u00e0 vos invit\u00e9s\u202f? Choisissez de la viande de la meilleure qualit\u00e9 et surprenez vos invit\u00e9s.<\/p>\n<\/div><\/div><\/div><\/div><a title=\"Groothandel\" href=\"http:\/\/vanengelandt.com\/fr\/particuliers\/\" class=\"vc_column-link smooth-scroll\"><\/a><\/div><div class=\"vc_col-sm-4 wpb_column vc_column_container has-link\"><div class=\"vc_column-inner\"><div class=\"wpb_wrapper\"><div class=\"wpb_text_column medium predots\"><div class=\"wpb_wrapper\"><p>BOUCHERIE<\/p>\n<\/div><\/div><div class=\"wpb_text_column light\"><div class=\"wpb_wrapper\"><p>Permettez \u00e0 vos clients de profiter au mieux de leurs cong\u00e9s ou de la saison des barbecues en d\u00e9gustant la viande Van Engelandt.<\/p>\n<\/div><\/div><\/div><\/div><a title=\"Slagers\" href=\"http:\/\/vanengelandt.com\/fr\/boucherie\/\" class=\"vc_column-link smooth-scroll\"><\/a><\/div><div class=\"vc_col-sm-4 wpb_column vc_column_container has-link\"><div class=\"vc_column-inner\"><div class=\"wpb_wrapper\"><div class=\"wpb_text_column medium predots\"><div class=\"wpb_wrapper\"><p>HORECA<\/p>\n<\/div><\/div><div class=\"wpb_text_column light\"><div class=\"wpb_wrapper\"><p>Pour une agr\u00e9able soir\u00e9e entre amis et en famille, proposez un beau morceau de viande qui fond en bouche.<\/p>\n<\/div><\/div><\/div><\/div><a title=\"Horeca\" href=\"http:\/\/vanengelandt.com\/fr\/horeca\/\" class=\"vc_column-link smooth-scroll\"><\/a><\/div><div class=\"vc_col-sm-4 wpb_column vc_column_container\"><div class=\"vc_column-inner\"><div class=\"wpb_wrapper\"><\/div><\/div><\/div><div class=\"vc_col-sm-4 wpb_column vc_column_container\"><div class=\"vc_column-inner\"><div class=\"wpb_wrapper\"><\/div><\/div><\/div><\/div><\/div><\/div><\/div><\/div><\/div><\/section>\n<\/div><\/div><\/div><\/div><\/div><\/section><section class=\"l-section wpb_row height_auto\"><div class=\"l-section-h i-cf\"><div class=\"g-cols vc_row via_flex valign_top type_default stacking_default\"><div class=\"vc_col-sm-1 wpb_column vc_column_container\"><div class=\"vc_column-inner\"><div class=\"vc_column-overlay\" style=\"background:#F0B747\"><\/div><div class=\"wpb_wrapper\"><\/div><\/div><\/div><div class=\"vc_col-sm-11 wpb_column vc_column_container pad1 stretched\"><div class=\"vc_column-inner\"><div class=\"vc_column-overlay\" style=\"background:#F0B747\"><\/div><div class=\"wpb_wrapper\"><div class=\"wpb_text_column us_custom_6df4bc3a has_text_color\"><div class=\"wpb_wrapper\"><h4>\u00ab\u202fGr\u00e2ce \u00e0 Van Engelandt, il y a toujours de la viande fra\u00eeche dans ma boucherie pour satisfaire mes clients.\u202f\u00bb<\/h4>\n<\/div><\/div><div class=\"wpb_text_column us_custom_6df4bc3a has_text_color\"><div class=\"wpb_wrapper\"><h3>&#8211; Sascha V.D.<\/h3>\n<\/div><\/div><\/div><\/div><\/div><\/div><\/div><\/section>\n","protected":false},"excerpt":{"rendered":"Fournisseur fiable de viande pour les supermarch\u00e9s Les supermarch\u00e9s, \u00e0 qui nous fournissons \u00e9galement de la viande. D\u00e9marquez-vous avec votre rayon viandes et faites de vos fid\u00e8les clients des ambassadeurs. Vous trouverez chez Van Engelandt tous les types de viandes et de sp\u00e9cialit\u00e9s, tous de la meilleure qualit\u00e9. Commandez en ligneVASTE ASSORTIMENT Produits internationaux soigneusement...","protected":false},"author":1,"featured_media":700,"parent":0,"menu_order":17,"comment_status":"closed","ping_status":"closed","template":"","meta":{"_acf_changed":false,"footnotes":""},"categories":[],"tags":[],"class_list":["post-1849","page","type-page","status-publish","has-post-thumbnail","hentry"],"acf":[],"yoast_head":"<!-- This site is optimized with the Yoast SEO plugin v25.3.1 - https:\/\/yoast.com\/wordpress\/plugins\/seo\/ -->\n<title>Livraison viande aux supermarch\u00e9s | Van Engelandt \u00e0 Anderlecht<\/title>\n<meta name=\"description\" content=\"Des livraisons rapides de viande fra\u00eeche et artisanale\u202f? Proposez comme supermarch\u00e9s \u00e0 vos clients une large gamme de viandes de qualit\u00e9.\" \/>\n<meta name=\"robots\" content=\"index, follow, max-snippet:-1, max-image-preview:large, max-video-preview:-1\" \/>\n<link rel=\"canonical\" href=\"https:\/\/vanengelandt.com\/fr\/supermarches\/\" \/>\n<meta property=\"og:locale\" content=\"fr_FR\" \/>\n<meta property=\"og:type\" content=\"article\" \/>\n<meta property=\"og:title\" content=\"Livraison viande aux supermarch\u00e9s | Van Engelandt \u00e0 Anderlecht\" \/>\n<meta property=\"og:description\" content=\"Des livraisons rapides de viande fra\u00eeche et artisanale\u202f? Proposez comme supermarch\u00e9s \u00e0 vos clients une large gamme de viandes de qualit\u00e9.\" \/>\n<meta property=\"og:url\" content=\"https:\/\/vanengelandt.com\/fr\/supermarches\/\" \/>\n<meta property=\"og:site_name\" content=\"Van Engelandt\" \/>\n<meta property=\"article:modified_time\" content=\"2024-06-26T11:52:50+00:00\" \/>\n<meta property=\"og:image\" content=\"https:\/\/vanengelandt.com\/wp-content\/uploads\/2021\/02\/Supermarkt.jpg\" \/>\n\t<meta property=\"og:image:width\" content=\"1800\" \/>\n\t<meta property=\"og:image:height\" content=\"1800\" \/>\n\t<meta property=\"og:image:type\" content=\"image\/jpeg\" \/>\n<meta name=\"twitter:card\" content=\"summary_large_image\" \/>\n<meta name=\"twitter:label1\" content=\"Dur\u00e9e de lecture est.\" \/>\n\t<meta name=\"twitter:data1\" content=\"2 minutes\" \/>\n<script type=\"application\/ld+json\" class=\"yoast-schema-graph\">{\"@context\":\"https:\/\/schema.org\",\"@graph\":[{\"@type\":\"WebPage\",\"@id\":\"https:\/\/vanengelandt.com\/fr\/supermarches\/\",\"url\":\"https:\/\/vanengelandt.com\/fr\/supermarches\/\",\"name\":\"Livraison viande aux supermarch\u00e9s | Van Engelandt \u00e0 Anderlecht\",\"isPartOf\":{\"@id\":\"https:\/\/vanengelandt.com\/fr\/#website\"},\"primaryImageOfPage\":{\"@id\":\"https:\/\/vanengelandt.com\/fr\/supermarches\/#primaryimage\"},\"image\":{\"@id\":\"https:\/\/vanengelandt.com\/fr\/supermarches\/#primaryimage\"},\"thumbnailUrl\":\"https:\/\/vanengelandt.com\/wp-content\/uploads\/2021\/02\/Supermarkt.jpg\",\"datePublished\":\"2021-02-16T10:47:02+00:00\",\"dateModified\":\"2024-06-26T11:52:50+00:00\",\"description\":\"Des livraisons rapides de viande fra\u00eeche et artisanale\u202f? Proposez comme supermarch\u00e9s \u00e0 vos clients une large gamme de viandes de qualit\u00e9.\",\"breadcrumb\":{\"@id\":\"https:\/\/vanengelandt.com\/fr\/supermarches\/#breadcrumb\"},\"inLanguage\":\"fr-BE\",\"potentialAction\":[{\"@type\":\"ReadAction\",\"target\":[\"https:\/\/vanengelandt.com\/fr\/supermarches\/\"]}]},{\"@type\":\"ImageObject\",\"inLanguage\":\"fr-BE\",\"@id\":\"https:\/\/vanengelandt.com\/fr\/supermarches\/#primaryimage\",\"url\":\"https:\/\/vanengelandt.com\/wp-content\/uploads\/2021\/02\/Supermarkt.jpg\",\"contentUrl\":\"https:\/\/vanengelandt.com\/wp-content\/uploads\/2021\/02\/Supermarkt.jpg\",\"width\":1800,\"height\":1800,\"caption\":\"Van Engelandt Vleesgroothandel voor supermarkten\"},{\"@type\":\"BreadcrumbList\",\"@id\":\"https:\/\/vanengelandt.com\/fr\/supermarches\/#breadcrumb\",\"itemListElement\":[{\"@type\":\"ListItem\",\"position\":1,\"name\":\"Home\",\"item\":\"https:\/\/vanengelandt.com\/fr\/\"},{\"@type\":\"ListItem\",\"position\":2,\"name\":\"Supermarch\u00e9s\"}]},{\"@type\":\"WebSite\",\"@id\":\"https:\/\/vanengelandt.com\/fr\/#website\",\"url\":\"https:\/\/vanengelandt.com\/fr\/\",\"name\":\"Van Engelandt\",\"description\":\"\",\"potentialAction\":[{\"@type\":\"SearchAction\",\"target\":{\"@type\":\"EntryPoint\",\"urlTemplate\":\"https:\/\/vanengelandt.com\/fr\/?s={search_term_string}\"},\"query-input\":{\"@type\":\"PropertyValueSpecification\",\"valueRequired\":true,\"valueName\":\"search_term_string\"}}],\"inLanguage\":\"fr-BE\"}]}<\/script>\n<!-- \/ Yoast SEO plugin. -->","yoast_head_json":{"title":"Livraison viande aux supermarch\u00e9s | Van Engelandt \u00e0 Anderlecht","description":"Des livraisons rapides de viande fra\u00eeche et artisanale\u202f? Proposez comme supermarch\u00e9s \u00e0 vos clients une large gamme de viandes de qualit\u00e9.","robots":{"index":"index","follow":"follow","max-snippet":"max-snippet:-1","max-image-preview":"max-image-preview:large","max-video-preview":"max-video-preview:-1"},"canonical":"https:\/\/vanengelandt.com\/fr\/supermarches\/","og_locale":"fr_FR","og_type":"article","og_title":"Livraison viande aux supermarch\u00e9s | Van Engelandt \u00e0 Anderlecht","og_description":"Des livraisons rapides de viande fra\u00eeche et artisanale\u202f? Proposez comme supermarch\u00e9s \u00e0 vos clients une large gamme de viandes de qualit\u00e9.","og_url":"https:\/\/vanengelandt.com\/fr\/supermarches\/","og_site_name":"Van Engelandt","article_modified_time":"2024-06-26T11:52:50+00:00","og_image":[{"width":1800,"height":1800,"url":"https:\/\/vanengelandt.com\/wp-content\/uploads\/2021\/02\/Supermarkt.jpg","type":"image\/jpeg"}],"twitter_card":"summary_large_image","twitter_misc":{"Dur\u00e9e de lecture est.":"2 minutes"},"schema":{"@context":"https:\/\/schema.org","@graph":[{"@type":"WebPage","@id":"https:\/\/vanengelandt.com\/fr\/supermarches\/","url":"https:\/\/vanengelandt.com\/fr\/supermarches\/","name":"Livraison viande aux supermarch\u00e9s | Van Engelandt \u00e0 Anderlecht","isPartOf":{"@id":"https:\/\/vanengelandt.com\/fr\/#website"},"primaryImageOfPage":{"@id":"https:\/\/vanengelandt.com\/fr\/supermarches\/#primaryimage"},"image":{"@id":"https:\/\/vanengelandt.com\/fr\/supermarches\/#primaryimage"},"thumbnailUrl":"https:\/\/vanengelandt.com\/wp-content\/uploads\/2021\/02\/Supermarkt.jpg","datePublished":"2021-02-16T10:47:02+00:00","dateModified":"2024-06-26T11:52:50+00:00","description":"Des livraisons rapides de viande fra\u00eeche et artisanale\u202f? Proposez comme supermarch\u00e9s \u00e0 vos clients une large gamme de viandes de qualit\u00e9.","breadcrumb":{"@id":"https:\/\/vanengelandt.com\/fr\/supermarches\/#breadcrumb"},"inLanguage":"fr-BE","potentialAction":[{"@type":"ReadAction","target":["https:\/\/vanengelandt.com\/fr\/supermarches\/"]}]},{"@type":"ImageObject","inLanguage":"fr-BE","@id":"https:\/\/vanengelandt.com\/fr\/supermarches\/#primaryimage","url":"https:\/\/vanengelandt.com\/wp-content\/uploads\/2021\/02\/Supermarkt.jpg","contentUrl":"https:\/\/vanengelandt.com\/wp-content\/uploads\/2021\/02\/Supermarkt.jpg","width":1800,"height":1800,"caption":"Van Engelandt Vleesgroothandel voor supermarkten"},{"@type":"BreadcrumbList","@id":"https:\/\/vanengelandt.com\/fr\/supermarches\/#breadcrumb","itemListElement":[{"@type":"ListItem","position":1,"name":"Home","item":"https:\/\/vanengelandt.com\/fr\/"},{"@type":"ListItem","position":2,"name":"Supermarch\u00e9s"}]},{"@type":"WebSite","@id":"https:\/\/vanengelandt.com\/fr\/#website","url":"https:\/\/vanengelandt.com\/fr\/","name":"Van Engelandt","description":"","potentialAction":[{"@type":"SearchAction","target":{"@type":"EntryPoint","urlTemplate":"https:\/\/vanengelandt.com\/fr\/?s={search_term_string}"},"query-input":{"@type":"PropertyValueSpecification","valueRequired":true,"valueName":"search_term_string"}}],"inLanguage":"fr-BE"}]}},"_links":{"self":[{"href":"https:\/\/vanengelandt.com\/fr\/wp-json\/wp\/v2\/pages\/1849","targetHints":{"allow":["GET"]}}],"collection":[{"href":"https:\/\/vanengelandt.com\/fr\/wp-json\/wp\/v2\/pages"}],"about":[{"href":"https:\/\/vanengelandt.com\/fr\/wp-json\/wp\/v2\/types\/page"}],"author":[{"embeddable":true,"href":"https:\/\/vanengelandt.com\/fr\/wp-json\/wp\/v2\/users\/1"}],"replies":[{"embeddable":true,"href":"https:\/\/vanengelandt.com\/fr\/wp-json\/wp\/v2\/comments?post=1849"}],"version-history":[{"count":10,"href":"https:\/\/vanengelandt.com\/fr\/wp-json\/wp\/v2\/pages\/1849\/revisions"}],"predecessor-version":[{"id":3135,"href":"https:\/\/vanengelandt.com\/fr\/wp-json\/wp\/v2\/pages\/1849\/revisions\/3135"}],"wp:featuredmedia":[{"embeddable":true,"href":"https:\/\/vanengelandt.com\/fr\/wp-json\/wp\/v2\/media\/700"}],"wp:attachment":[{"href":"https:\/\/vanengelandt.com\/fr\/wp-json\/wp\/v2\/media?parent=1849"}],"wp:term":[{"taxonomy":"category","embeddable":true,"href":"https:\/\/vanengelandt.com\/fr\/wp-json\/wp\/v2\/categories?post=1849"},{"taxonomy":"post_tag","embeddable":true,"href":"https:\/\/vanengelandt.com\/fr\/wp-json\/wp\/v2\/tags?post=1849"}],"curies":[{"name":"wp","href":"https:\/\/api.w.org\/{rel}","templated":true}]}}